{"id":10353,"date":"2023-08-22T20:39:13","date_gmt":"2023-08-22T20:39:13","guid":{"rendered":"http:\/\/Zubreev.tech\/?page_id=10353"},"modified":"2025-05-21T12:16:32","modified_gmt":"2025-05-21T12:16:32","slug":"techmobile","status":"publish","type":"page","link":"https:\/\/zubreev.tech\/es\/techmobile\/","title":{"rendered":"TechMobile"},"content":{"rendered":"<div class=\"brz-root__container brz-reset-all brz brz-root__container-page\">\n<section id=\"0fd3f8b5d9d19af1987b_dlicrfwziwflzxypmfamyrxhtyqorahraktu\" class=\"brz-section brz-css-1yb1hjm\">\n<div class=\"brz-section__content brz-section--boxed brz-css-11oir71 brz-css-1i7qg7p\" data-brz-custom-id=\"zaeqewjdzcunpigwusvsrfgghmxmoknoerao\">\n<div class=\"brz-bg\">\n<div class=\"brz-bg-color\"><\/div>\n<\/div>\n<div class=\"brz-container brz-css-159xw4o\">\n<div id=\"\" class=\"brz-css-33iz1y brz-css-1fq7ek brz-wrapper\">\n<div class=\"brz-rich-text brz-rich-text__custom brz-css-nal75t\" data-brz-custom-id=\"myiiytznasgpbwzqbrfhrixwrtbxqncbhyka\">\n<div data-brz-translate-text=\"1\">\n<h1 class=\"brz-text-lg-center brz-tp-lg-heading1 brz-css-doasi\" data-uniq-id=\"wuwvz\" data-generated-css=\"brz-css-rscmi\"><span style=\"opacity: 1\" class=\"brz-cp-color3\">Tecnolog\u00eda m\u00f3vil<\/span><\/h1>\n<\/div>\n<\/div>\n<\/div>\n<div id=\"\" class=\"brz-css-33iz1y brz-wrapper\">\n<div class=\"brz-rich-text brz-rich-text__custom brz-css-nal75t\" data-brz-custom-id=\"jyswwazcvgxobnsfdgrfbfhcfjvqoeyxwoex\">\n<div data-brz-translate-text=\"1\">\n<p class=\"brz-tp-lg-paragraph brz-text-lg-center brz-css-nXkgs\" data-uniq-id=\"pploa\" data-generated-css=\"brz-css-yucim\"><span style=\"opacity: 1\">Material de v\u00eddeo sobre la aplicaci\u00f3n de trabajo.<\/span><\/p>\n<\/div>\n<\/div>\n<\/div>\n<div class=\"brz-row__container brz-css-n8rdb3\" data-brz-custom-id=\"ukxmxqxaopqyzjbbqlbjgfzukofodqaylgrt\">\n<div class=\"brz-bg\"><\/div>\n<div class=\"brz-row brz-css-64jsnj brz-css-1d78o6z\">\n<div class=\"brz-columns brz-css-lhfahp\" data-brz-custom-id=\"hpcmqukefvaxhtdzvjricurvnrxwmzakgfyq\">\n<div class=\"brz-bg\"><\/div>\n<div class=\"brz-column__items brz-css-7fx9v0\">\n<div id=\"\" class=\"brz-css-33iz1y brz-css-qqoyuz brz-wrapper\">\n<div class=\"brz-rich-text brz-rich-text__custom brz-css-nal75t\" data-brz-custom-id=\"rdetgvzeskhqctcafnxndnkhyojlcvoigrjq\">\n<div data-brz-translate-text=\"1\">\n<p class=\"brz-tp-lg-subtitle brz-text-lg-center brz-css-oHowf\" data-uniq-id=\"kvffn\" data-generated-css=\"brz-css-uoabj\"><\/p>\n<p class=\"brz-tp-lg-subtitle brz-text-lg-center brz-css-tZcbX\" data-uniq-id=\"kdpgi\" data-generated-css=\"brz-css-pdrbb\"><span style=\"opacity: 1\">Llamar a un coche con cuna<\/span><\/p>\n<p class=\"brz-tp-lg-subtitle brz-text-lg-center brz-css-afKVz\" data-uniq-id=\"cpbpb\" data-generated-css=\"brz-css-qhfkr\"><span style=\"opacity: 1\">(Asistencia para camiones de cubo)<\/span><\/p>\n<\/div>\n<\/div>\n<\/div>\n<\/div>\n<\/div>\n<div class=\"brz-columns brz-css-lhfahp\" data-brz-custom-id=\"eyqhsktgpeyuysjfsnvlgwpmqhaiygpxavdc\">\n<div class=\"brz-bg\"><\/div>\n<div class=\"brz-column__items brz-css-7fx9v0\">\n<div id=\"\" class=\"brz-css-33iz1y brz-wrapper\">\n<div class=\"brz-video brz-youtube-video brz-video-on-controls-hidden brz-css-prs2pa brz-css-189gcvp\" data-brz-custom-id=\"ecvxhcnassdihdeqnzkbivtckvhqjqmfzmif\">\n<div class=\"brz-video-content\" data-loop=\"false\" data-muted=\"false\" data-autoplay=\"off\">\n<div class=\"video-wrapper brz-image-fix-9-16\">\n<div class=\"brz-video-data brz-hidden\" data-src=\"https:\/\/www.youtube.com\/embed\/vEbgm0Aezs0?autoplay=0&amp;controls=1&amp;start=0&amp;end=0&amp;modestbranding=0&amp;wmode=transparent&amp;enablejsapi=1&amp;loop=0&amp;rel=0&amp;mute=0\" data-population=\"\" data-controls=\"true\" data-branding=\"true\" data-intro=\"true\" data-start=\"0\" data-end=\"0\" data-loop=\"false\" data-autoplay=\"off\"><\/div>\n<\/div>\n<\/div>\n<\/div>\n<\/div>\n<\/div>\n<\/div>\n<\/div>\n<\/div>\n<div class=\"brz-row__container brz-css-n8rdb3\" data-brz-custom-id=\"fmawuvzovxiuqobeiemegpjdxsjktjxwdegl\">\n<div class=\"brz-bg\"><\/div>\n<div class=\"brz-row brz-css-64jsnj brz-css-1d78o6z\">\n<div class=\"brz-columns brz-css-lhfahp\" data-brz-custom-id=\"alszdukwmmcfzruqjwaempotxyxbrcaolaiy\">\n<div class=\"brz-bg\"><\/div>\n<div class=\"brz-column__items brz-css-7fx9v0\">\n<div id=\"\" class=\"brz-css-33iz1y brz-css-39oso7 brz-wrapper\">\n<div class=\"brz-rich-text brz-rich-text__custom brz-css-nal75t\" data-brz-custom-id=\"izixtoslcbjlibrqumclokowpnzoqmvmwjzj\">\n<div data-brz-translate-text=\"1\">\n<p class=\"brz-text-xs-center brz-text-lg-left brz-tp-lg-subtitle brz-css-hZmsA\" data-uniq-id=\"dzzhz\" data-generated-css=\"brz-css-tunfy\"><span style=\"opacity: 1\"> <\/span><strong style=\"opacity: 1\">Borrar la aplicaci\u00f3n<\/strong><span style=\"opacity: 1\"> <\/span><\/p>\n<p class=\"brz-text-xs-center brz-text-lg-left brz-tp-lg-subtitle brz-css-ccSUl\" data-uniq-id=\"dzzhz\" data-generated-css=\"brz-css-tunfy\"><span style=\"opacity: 1\">Se utiliza cuando la aplicaci\u00f3n no funciona correctamente o para restablecer los datos.<\/span><\/p>\n<\/div>\n<\/div>\n<\/div>\n<\/div>\n<\/div>\n<div class=\"brz-columns brz-css-lhfahp\" data-brz-custom-id=\"gykuhbztulpxrcnlrrwmmlsseawdtylvdvdh\">\n<div class=\"brz-bg\"><\/div>\n<div class=\"brz-column__items brz-css-7fx9v0\">\n<div id=\"\" class=\"brz-css-33iz1y brz-wrapper\">\n<div class=\"brz-video brz-youtube-video brz-video-on-controls-hidden brz-css-prs2pa brz-css-1iom92t\" data-brz-custom-id=\"nnypyoqvdrgjyrpsdfwfnvlipekfqmqswbwu\">\n<div class=\"brz-video-content\" data-loop=\"false\" data-muted=\"false\" data-autoplay=\"off\">\n<div class=\"video-wrapper brz-image-fix-9-16\">\n<div class=\"brz-video-data brz-hidden\" data-src=\"https:\/\/www.youtube.com\/embed\/JTa4BlBgt8I?autoplay=0&amp;controls=1&amp;start=0&amp;end=0&amp;modestbranding=0&amp;wmode=transparent&amp;enablejsapi=1&amp;loop=0&amp;rel=0&amp;mute=0\" data-population=\"\" data-controls=\"true\" data-branding=\"true\" data-intro=\"true\" data-start=\"0\" data-end=\"0\" data-loop=\"false\" data-autoplay=\"off\"><\/div>\n<\/div>\n<\/div>\n<\/div>\n<\/div>\n<\/div>\n<\/div>\n<\/div>\n<\/div>\n<div class=\"brz-row__container brz-css-n8rdb3\" data-brz-custom-id=\"sgyqbvghluzdjcnqmhpjtysjjjhtpdcqwvyo\">\n<div class=\"brz-bg\"><\/div>\n<div class=\"brz-row brz-css-64jsnj brz-css-1d78o6z\">\n<div class=\"brz-columns brz-css-lhfahp\" data-brz-custom-id=\"pqvnuwucaewzgnemndmrhrrjmmeittgjjjdk\">\n<div class=\"brz-bg\"><\/div>\n<div class=\"brz-column__items brz-css-7fx9v0\">\n<div id=\"\" class=\"brz-css-33iz1y brz-css-bon0wn brz-wrapper\">\n<div class=\"brz-rich-text brz-rich-text__custom brz-css-nal75t\" data-brz-custom-id=\"urcclbarfmltjruzchfupmsyqgmylphzhiww\">\n<div data-brz-translate-text=\"1\">\n<p class=\"brz-text-lg-center brz-tp-lg-subtitle brz-css-gr6s_\" data-generated-css=\"brz-css-adusx\" data-uniq-id=\"fjwbr\"><span style=\"opacity: 1\">Cambiar el nombre y la contrase\u00f1a Wi-Fi a trav\u00e9s de la aplicaci\u00f3n TechMobile<\/span><\/p>\n<\/div>\n<\/div>\n<\/div>\n<\/div>\n<\/div>\n<div class=\"brz-columns brz-css-lhfahp\" data-brz-custom-id=\"wtbzwxlfilbikoorshtshgctrfnhacvnyjzv\">\n<div class=\"brz-bg\"><\/div>\n<div class=\"brz-column__items brz-css-7fx9v0\">\n<div id=\"\" class=\"brz-css-33iz1y brz-wrapper\">\n<div class=\"brz-video brz-youtube-video brz-video-on-controls-hidden brz-css-prs2pa brz-css-16hsb2l\" data-brz-custom-id=\"lsvyzuyzxlvthfdxgpetgljtfvuwxqxetsaf\">\n<div class=\"brz-video-content\" data-loop=\"false\" data-muted=\"false\" data-autoplay=\"off\">\n<div class=\"video-wrapper brz-image-fix-9-16\">\n<div class=\"brz-video-data brz-hidden\" data-src=\"https:\/\/www.youtube.com\/embed\/nXVcJh4yZLU?autoplay=0&amp;controls=1&amp;start=0&amp;end=0&amp;modestbranding=0&amp;wmode=transparent&amp;enablejsapi=1&amp;loop=0&amp;rel=0&amp;mute=0\" data-population=\"\" data-controls=\"true\" data-branding=\"true\" data-intro=\"true\" data-start=\"0\" data-end=\"0\" data-loop=\"false\" data-autoplay=\"off\"><\/div>\n<\/div>\n<\/div>\n<\/div>\n<\/div>\n<\/div>\n<\/div>\n<\/div>\n<\/div>\n<div id=\"\" class=\"brz-css-33iz1y brz-css-14ph3tf brz-css-16f1h33 brz-wrapper\">\n<div class=\"brz-spacer brz-css-1085r8e brz-css-1gnf5s1\"><\/div>\n<\/div>\n<\/div>\n<\/div>\n<\/section>\n<\/div>\n<p>    <!-- version:1747798053 --><\/p>","protected":false},"excerpt":{"rendered":"<p>Tech Mobile \u0412\u0438\u0434\u0435\u043e \u043c\u0430\u0442\u0435\u0440\u0438\u0430\u043b\u044b \u043f\u043e \u0440\u0430\u0431\u043e\u0447\u0435\u043c\u0443 \u043f\u0440\u0438\u043b\u043e\u0436\u0435\u043d\u0438\u044e. \u0412\u044b\u0437\u043e\u0432 \u0430\u0432\u0442\u043e \u0441 \u043b\u044e\u043b\u044c\u043a\u043e\u0439 (Bucket Truck Assist) \u041e\u0447\u0438\u0441\u0442\u043a\u0430 \u043f\u0440\u0438\u043b\u043e\u0436\u0435\u043d\u0438\u044f \u0418\u0441\u043f\u043e\u043b\u044c\u0437\u0443\u0435\u0442\u0441\u044f \u043f\u0440\u0438 \u043d\u0435\u043a\u043e\u0440\u0440\u0435\u043a\u0442\u043d\u043e\u0439 \u0440\u0430\u0431\u043e\u0442\u0435 \u043f\u0440\u0438\u043b\u043e\u0436\u0435\u043d\u0438\u044f \u0438\u043b\u0438 \u0434\u043b\u044f \u0441\u0431\u0440\u043e\u0441\u0430 \u0434\u0430\u043d\u043d\u044b\u0445. \u0418\u0437\u043c\u0435\u043d\u0435\u043d\u0438\u0435 \u0418\u043c\u0435\u043d\u0438 \u0438 \u043f\u0430\u0440\u043e\u043b\u044f Wi-Fi \u0447\u0435\u0440\u0435\u0437 \u043f\u0440\u0438\u043b\u043e\u0436\u0435\u043d\u0438\u0435 TechMobile<\/p>","protected":false},"author":1,"featured_media":0,"parent":0,"menu_order":0,"comment_status":"closed","ping_status":"closed","template":"brizy-blank-template.php","meta":{"footnotes":""},"class_list":["post-10353","page","type-page","status-publish","hentry"],"blocksy_meta":[],"_links":{"self":[{"href":"https:\/\/zubreev.tech\/es\/wp-json\/wp\/v2\/pages\/10353","targetHints":{"allow":["GET"]}}],"collection":[{"href":"https:\/\/zubreev.tech\/es\/wp-json\/wp\/v2\/pages"}],"about":[{"href":"https:\/\/zubreev.tech\/es\/wp-json\/wp\/v2\/types\/page"}],"author":[{"embeddable":true,"href":"https:\/\/zubreev.tech\/es\/wp-json\/wp\/v2\/users\/1"}],"replies":[{"embeddable":true,"href":"https:\/\/zubreev.tech\/es\/wp-json\/wp\/v2\/comments?post=10353"}],"version-history":[{"count":16,"href":"https:\/\/zubreev.tech\/es\/wp-json\/wp\/v2\/pages\/10353\/revisions"}],"predecessor-version":[{"id":15110,"href":"https:\/\/zubreev.tech\/es\/wp-json\/wp\/v2\/pages\/10353\/revisions\/15110"}],"wp:attachment":[{"href":"https:\/\/zubreev.tech\/es\/wp-json\/wp\/v2\/media?parent=10353"}],"curies":[{"name":"wp","href":"https:\/\/api.w.org\/{rel}","templated":true}]}}