{"id":12759,"date":"2024-03-07T21:17:23","date_gmt":"2024-03-07T21:17:23","guid":{"rendered":"http:\/\/Zubreev.tech\/?page_id=12759"},"modified":"2025-05-21T19:31:13","modified_gmt":"2025-05-21T19:31:13","slug":"crimshield","status":"publish","type":"page","link":"https:\/\/zubreev.tech\/es\/crimshield\/","title":{"rendered":"Crimshield"},"content":{"rendered":"<div class=\"brz-root__container brz-reset-all brz brz-root__container-page\">\n<section id=\"8f941ead0a7e09d9e8f8_dlicrfwziwflzxypmfamyrxhtyqorahraktu\" class=\"brz-section brz-css-1yb1hjm\">\n<div class=\"brz-section__content brz-section--boxed brz-css-11oir71 brz-css-9c1ajb\" data-brz-custom-id=\"zaeqewjdzcunpigwusvsrfgghmxmoknoerao\">\n<div class=\"brz-bg\">\n<div class=\"brz-bg-color\"><\/div>\n<\/div>\n<div class=\"brz-container brz-css-159xw4o\">\n<div id=\"\" class=\"brz-css-33iz1y brz-css-1fq7ek brz-wrapper\">\n<div class=\"brz-rich-text brz-rich-text__custom brz-css-nal75t\" data-brz-custom-id=\"myiiytznasgpbwzqbrfhrixwrtbxqncbhyka\">\n<div data-brz-translate-text=\"1\">\n<h1 class=\"brz-text-lg-center brz-tp-lg-empty brz-ff-merriweather brz-ft-google brz-fs-lg-75 brz-fss-lg-px brz-fw-lg-400 brz-ls-lg-m_2 brz-lh-lg-1_6 brz-fss-xs-px brz-fw-xs-400 brz-ls-xs-m_2 brz-lh-xs-1_6 brz-tp-xs-empty brz-fs-xs-46 brz-css-pBOIK\" data-uniq-id=\"jaeik\" data-generated-css=\"brz-css-hptrk\"><span class=\"brz-cp-color3\" style=\"opacity: 1\">Cursos CrimShield<\/span><\/h1>\n<\/div>\n<\/div>\n<\/div>\n<div id=\"\" class=\"brz-css-33iz1y brz-css-2ev0k9 brz-wrapper\">\n<div class=\"brz-rich-text brz-rich-text__custom brz-css-nal75t\" data-brz-custom-id=\"xdrbjiocjtgzktymllwbmacmkyuxhyhtagud\">\n<div data-brz-translate-text=\"1\">\n<p class=\"brz-text-lg-center brz-tp-lg-subtitle brz-fss-xs-px brz-fw-xs-300 brz-ls-xs-0 brz-lh-xs-1_5 brz-tp-xs-empty brz-fs-xs-16 brz-css-aNjmG\" data-generated-css=\"brz-css-xcueb\" data-uniq-id=\"aqelx\"><span class=\"brz-cp-color8\" style=\"opacity: 0.6\">Spectrum exige que todo el mundo haya completado todos los cursos CrimShield. Instrucciones sobre c\u00f3mo hacerlo:<\/span><\/p>\n<\/div>\n<\/div>\n<\/div>\n<div id=\"\" class=\"brz-css-33iz1y brz-css-14ph3tf brz-css-16f1h33 brz-wrapper\">\n<div class=\"brz-spacer brz-css-1085r8e brz-css-1gnf5s1\"><\/div>\n<\/div>\n<\/div>\n<\/div>\n<\/section>\n<section id=\"505480bb63c7e11eb886_vzoomsqohytdwokuihqvfrybpvvaggkcnfjy\" class=\"brz-section brz-css-1yb1hjm\">\n<div class=\"brz-section__content brz-section--boxed brz-css-11oir71 brz-css-n24a0v\" data-brz-custom-id=\"ttcxvkyqszkixttovvpejyuzyswrxcecowjr\">\n<div class=\"brz-bg\">\n<div class=\"brz-bg-color\"><\/div>\n<\/div>\n<div class=\"brz-container brz-css-159xw4o\">\n<div class=\"brz-row__container brz-css-ye8kpp\" data-brz-custom-id=\"lwaimpadnozmwiefqhtgrnrelbjhvdxztnul\">\n<div class=\"brz-bg\"><\/div>\n<div class=\"brz-row brz-css-u4p6ss brz-css-wbpkms\">\n<div class=\"brz-columns brz-css-wab0o2\" data-brz-custom-id=\"nxtrypmoozbopzgbjyztmobqwlcyhkejksnt\">\n<div class=\"brz-bg\"><\/div>\n<div class=\"brz-column__items brz-css-zmklou\">\n<div id=\"\" class=\"brz-css-33iz1y brz-wrapper\">\n<div class=\"brz-rich-text brz-rich-text__custom brz-css-nal75t\" data-brz-custom-id=\"zwneoczcexthyzpzfqndeggdxdklhanrjyae\">\n<div data-brz-translate-text=\"1\">\n<p data-uniq-id=\"nvtmw\" data-generated-css=\"brz-css-eimev\" class=\"brz-fss-lg-px brz-fw-lg-300 brz-ls-lg-0 brz-lh-lg-1_7 brz-tp-lg-empty brz-ff-varela_round brz-ft-google brz-fs-lg-21 brz-css-pdOPI\"><strong class=\"brz-cp-color7\">1) Solicitud de inscripci\u00f3n<\/strong><\/p>\n<\/div>\n<\/div>\n<\/div>\n<div id=\"\" class=\"brz-css-33iz1y brz-wrapper\">\n<div class=\"brz-rich-text brz-rich-text__custom brz-css-nal75t\" data-brz-custom-id=\"wgqlonckiogxpsfygviylsrvmwnsszpemdbq\">\n<div data-brz-translate-text=\"1\">\n<p class=\"brz-tp-lg-paragraph brz-css-hBIs4\" data-uniq-id=\"mlQpT\" data-generated-css=\"brz-css-fPLBa\"><span class=\"brz-cp-color7\">En primer lugar, vamos al sitio web de CrimeShield: <\/span><a class=\"brz-cp-color7 link--external\" href=\"https:\/\/www.livehelpnow.net\/lhn\/TicketsVisitor.aspx?lhnid=27808&amp;d=0\" data-brz-link-type=\"external\" target=\"_blank\">https:\/\/www.crimshield.com\/contact-us.php<\/a><\/p>\n<p class=\"brz-tp-lg-paragraph brz-css-tZeNp\" data-uniq-id=\"fg5VO\" data-generated-css=\"brz-css-hwcUl\"><span class=\"brz-cp-color7\">A continuaci\u00f3n, rellenamos la casilla completa con nuestros datos actualizados. <\/span><\/p>\n<p class=\"brz-tp-lg-paragraph brz-css-eN7o7\" data-uniq-id=\"dkyEV\" data-generated-css=\"brz-css-iCFoK\"><span class=\"brz-cp-color7\">Y en el mensaje, escribimos: <\/span><\/p>\n<p class=\"brz-tp-lg-paragraph brz-css-y4nzw\" data-uniq-id=\"zpmIX\" data-generated-css=\"brz-css-e9XIY\"><span class=\"brz-cp-color7\">Por favor, env\u00edenme el enlace de registro.<\/span><\/p>\n<p class=\"brz-tp-lg-paragraph brz-css-r6qH3\" data-uniq-id=\"g7Xb9\" data-generated-css=\"brz-css-tgHtm\"><span class=\"brz-cp-color7\">Gracias, se\u00f1or. <\/span><\/p>\n<p class=\"brz-tp-lg-paragraph brz-css-mznZg\" data-uniq-id=\"ns1Ed\" data-generated-css=\"brz-css-ne_eR\"><span class=\"brz-cp-color7\">Y pulsa ENVIAR MENSAJE.<\/span><\/p>\n<p class=\"brz-tp-lg-paragraph brz-css-toxka\" data-uniq-id=\"sxDov\" data-generated-css=\"brz-css-jOf8A\"><span class=\"brz-cp-color7\">Eso es todo por hoy =).<\/span><\/p>\n<p class=\"brz-tp-lg-paragraph brz-css-sxwhL\" data-uniq-id=\"lOV9Y\" data-generated-css=\"brz-css-vVNKW\"><span class=\"brz-cp-color7\"> <\/span><\/p>\n<\/div>\n<\/div>\n<\/div>\n<\/div>\n<\/div>\n<div class=\"brz-columns brz-css-wab0o2\" data-brz-custom-id=\"flixsfacntrcqztitaiwwumptumppeymfolm\">\n<div class=\"brz-bg\"><\/div>\n<div class=\"brz-column__items brz-css-zmklou\">\n<div id=\"\" class=\"brz-css-33iz1y brz-wrapper\">\n<div class=\"brz-image brz-css-1rvyn0y\" data-brz-custom-id=\"wllcjuwclpygqmbbautldpwgdvvbjwlgziwd\"><img decoding=\"async\" class=\"brz-img\" src=\"https:\/\/Zubreev.tech\/wp-content\/uploads\/brizy\/imgs\/Picture1-561x504x3x0x555x504x1709847060.png\" alt=\"\" loading=\"lazy\"><\/div>\n<\/div>\n<\/div>\n<\/div>\n<\/div>\n<\/div>\n<div id=\"\" class=\"brz-css-33iz1y brz-css-14ph3tf brz-css-10dli6y brz-wrapper\">\n<div class=\"brz-spacer brz-css-1085r8e brz-css-c636jb\"><\/div>\n<\/div>\n<\/div>\n<\/div>\n<\/section>\n<section id=\"914a0ff90d743b2ad579_exzzdnapumqqnbyvwtixpfwhisrzbrqiaapm\" class=\"brz-section brz-css-1yb1hjm\">\n<div class=\"brz-section__content brz-section--boxed brz-css-11oir71 brz-css-ck98nh\" data-brz-custom-id=\"wswbmbdirlgewutrqxvmrujytrgecvbohmex\">\n<div class=\"brz-bg\">\n<div class=\"brz-bg-color\"><\/div>\n<\/div>\n<div class=\"brz-container brz-css-159xw4o\">\n<div class=\"brz-row__container brz-css-ye8kpp\" data-brz-custom-id=\"uplrntvyqonpyjsujuncpvvqxswktbzavxog\">\n<div class=\"brz-bg\"><\/div>\n<div class=\"brz-row brz-css-u4p6ss brz-css-wbpkms\">\n<div class=\"brz-columns brz-css-wab0o2\" data-brz-custom-id=\"pewpyxrjhpqfllrcfbyeafuiktjmnkhmdeft\">\n<div class=\"brz-bg\"><\/div>\n<div class=\"brz-column__items brz-css-zmklou\">\n<div id=\"\" class=\"brz-css-33iz1y brz-wrapper\">\n<div class=\"brz-rich-text brz-rich-text__custom brz-css-nal75t\" data-brz-custom-id=\"ehslistdlkdacgmsarhoyjyyxdhcgsleukyb\">\n<div data-brz-translate-text=\"1\">\n<p class=\"brz-fs-lg-21 brz-ft-google brz-ff-varela_round brz-tp-lg-empty brz-lh-lg-1_7 brz-ls-lg-0 brz-fw-lg-300 brz-fss-lg-px brz-css-hBGle\" data-generated-css=\"brz-css-qkwur\" data-uniq-id=\"suhob\"><strong class=\"brz-cp-color7\">2-1) Enlace de registro de cuenta<\/strong><\/p>\n<\/div>\n<\/div>\n<\/div>\n<div id=\"\" class=\"brz-css-33iz1y brz-wrapper\">\n<div class=\"brz-rich-text brz-rich-text__custom brz-css-nal75t\" data-brz-custom-id=\"nkqdtdxkseuartexnrzrtisvoqnunoppgygk\">\n<div data-brz-translate-text=\"1\">\n<p class=\"brz-tp-lg-paragraph brz-css-q42Ri\" data-uniq-id=\"vdhzo\" data-generated-css=\"brz-css-wykjz\"><span class=\"brz-cp-color7\">En las 48 horas siguientes a su solicitud, recibir\u00e1 un correo electr\u00f3nico con un enlace para registrarse. Haga clic en <\/span><span style=\"opacity: 1\">Haga clic aqu\u00ed.<\/span><\/p>\n<\/div>\n<\/div>\n<\/div>\n<\/div>\n<\/div>\n<div class=\"brz-columns brz-css-wab0o2\" data-brz-custom-id=\"dhxhvnrdkgtzwfdwzmviyoawgretpxuvepkv\">\n<div class=\"brz-bg\"><\/div>\n<div class=\"brz-column__items brz-css-zmklou\">\n<div id=\"\" class=\"brz-css-33iz1y brz-wrapper\">\n<div class=\"brz-image brz-css-1q1wap9\" data-brz-custom-id=\"failflyksdpfqzxrqhtyethiulnqewvnpfwj\"><img decoding=\"async\" class=\"brz-img\" src=\"https:\/\/Zubreev.tech\/wp-content\/uploads\/brizy\/imgs\/Picture2-555x295x0x3x555x289x1709847060.png\" alt=\"\" loading=\"lazy\"><\/div>\n<\/div>\n<\/div>\n<\/div>\n<\/div>\n<\/div>\n<div id=\"\" class=\"brz-css-33iz1y brz-css-14ph3tf brz-css-zubptc brz-wrapper\">\n<div class=\"brz-spacer brz-css-1085r8e brz-css-1e46xqf\"><\/div>\n<\/div>\n<\/div>\n<\/div>\n<\/section>\n<section id=\"1ba0faf3493dd043199b_xfusurkryojpatnrqmhoiqevnbtwnsjoqvgf\" class=\"brz-section brz-css-1yb1hjm\">\n<div class=\"brz-section__content brz-section--boxed brz-css-11oir71 brz-css-11hy18r\" data-brz-custom-id=\"fzzlcqajqjlsdfpnonbfdegsaxuvcpscepao\">\n<div class=\"brz-bg\">\n<div class=\"brz-bg-color\"><\/div>\n<\/div>\n<div class=\"brz-container brz-css-159xw4o\">\n<div class=\"brz-row__container brz-css-ye8kpp\" data-brz-custom-id=\"cuuzjdnklspbvaucxouugnqsojbvpcnjowsz\">\n<div class=\"brz-bg\"><\/div>\n<div class=\"brz-row brz-css-u4p6ss brz-css-wbpkms\">\n<div class=\"brz-columns brz-css-wab0o2\" data-brz-custom-id=\"sccoyfltajlbhmcqhwmudlkxgnhjrrlsqhyt\">\n<div class=\"brz-bg\"><\/div>\n<div class=\"brz-column__items brz-css-zmklou\">\n<div id=\"\" class=\"brz-css-33iz1y brz-wrapper\">\n<div class=\"brz-rich-text brz-rich-text__custom brz-css-nal75t\" data-brz-custom-id=\"wtmvlxmjhwxsztwnijxbbovuktpzkawsvzkh\">\n<div data-brz-translate-text=\"1\">\n<p class=\"brz-fss-lg-px brz-fw-lg-300 brz-ls-lg-0 brz-lh-lg-1_7 brz-tp-lg-empty brz-ff-varela_round brz-ft-google brz-fs-lg-21 brz-css-o5DMD\" data-uniq-id=\"zqshm\" data-generated-css=\"brz-css-bgzzb\"><strong class=\"brz-cp-color7\">2-2) Registro de la cuenta<\/strong><\/p>\n<\/div>\n<\/div>\n<\/div>\n<div id=\"\" class=\"brz-css-33iz1y brz-wrapper\">\n<div class=\"brz-rich-text brz-rich-text__custom brz-css-nal75t\" data-brz-custom-id=\"typnrhccvzrzrqzqovvdihophodcipneevkv\">\n<div data-brz-translate-text=\"1\">\n<p class=\"brz-tp-lg-paragraph brz-css-x_SnM\" data-uniq-id=\"ffvyp\" data-generated-css=\"brz-css-srfcc\"><span class=\"brz-cp-color7\">Nos registramos y creamos una pregunta secreta.<\/span><\/p>\n<\/div>\n<\/div>\n<\/div>\n<\/div>\n<\/div>\n<div class=\"brz-columns brz-css-wab0o2\" data-brz-custom-id=\"wnefkjcwyqhvfkqtfecrpbskwafxtmgplrwb\">\n<div class=\"brz-bg\"><\/div>\n<div class=\"brz-column__items brz-css-zmklou\">\n<div id=\"\" class=\"brz-css-33iz1y brz-wrapper\">\n<div class=\"brz-image brz-css-15eem9m\" data-brz-custom-id=\"asmfrdfkwzvnrohtxslsizpczuxjjpzorlcg\"><img decoding=\"async\" class=\"brz-img\" src=\"https:\/\/Zubreev.tech\/wp-content\/uploads\/brizy\/imgs\/Picture3-555x475x0x2x555x470x1709847061.png\" alt=\"\" loading=\"lazy\"><\/div>\n<\/div>\n<\/div>\n<\/div>\n<\/div>\n<\/div>\n<div id=\"\" class=\"brz-css-33iz1y brz-css-14ph3tf brz-css-okyv4z brz-wrapper\">\n<div class=\"brz-spacer brz-css-1085r8e brz-css-a43doo\"><\/div>\n<\/div>\n<\/div>\n<\/div>\n<\/section>\n<section id=\"ad8f4cb4d1cc9f132a0a_wyblrillkqwqfyaofeemddbtqowcvlqiwnks\" class=\"brz-section brz-css-1yb1hjm\">\n<div class=\"brz-section__content brz-section--boxed brz-css-11oir71 brz-css-nx2aax\" data-brz-custom-id=\"bvovlkqzwrtcqhgyiovryqpayzphvamhojdq\">\n<div class=\"brz-bg\">\n<div class=\"brz-bg-color\"><\/div>\n<\/div>\n<div class=\"brz-container brz-css-159xw4o\">\n<div class=\"brz-row__container brz-css-ye8kpp\" data-brz-custom-id=\"kynxtobvnrdponetzmmmjiikqqjdxwlhsqvu\">\n<div class=\"brz-bg\"><\/div>\n<div class=\"brz-row brz-css-u4p6ss brz-css-wbpkms\">\n<div class=\"brz-columns brz-css-wab0o2\" data-brz-custom-id=\"mmulnmiqnudbyfmihuahzmwodecdzubvwjly\">\n<div class=\"brz-bg\"><\/div>\n<div class=\"brz-column__items brz-css-zmklou\">\n<div id=\"\" class=\"brz-css-33iz1y brz-wrapper\">\n<div class=\"brz-rich-text brz-rich-text__custom brz-css-nal75t\" data-brz-custom-id=\"zweveyniegnezdxslbiyekemyticjrolppih\">\n<div data-brz-translate-text=\"1\">\n<p class=\"brz-fs-lg-21 brz-ft-google brz-ff-varela_round brz-tp-lg-empty brz-lh-lg-1_7 brz-ls-lg-0 brz-fw-lg-300 brz-fss-lg-px brz-css-gfHYc\" data-generated-css=\"brz-css-hweey\" data-uniq-id=\"htejx\"><strong class=\"brz-cp-color7\">2-3) Accediendo a la cuenta<\/strong><\/p>\n<\/div>\n<\/div>\n<\/div>\n<div id=\"\" class=\"brz-css-33iz1y brz-wrapper\">\n<div class=\"brz-rich-text brz-rich-text__custom brz-css-nal75t\" data-brz-custom-id=\"cgdvyefycmjstuimnomyogvrzvddrhripghh\">\n<div data-brz-translate-text=\"1\">\n<p class=\"brz-tp-lg-paragraph brz-css-oODZz\" data-uniq-id=\"drkeo\" data-generated-css=\"brz-css-ymutu\"><span class=\"brz-cp-color7\">Pulse <\/span><span style=\"opacity: 1\">aqu\u00ed<\/span><span class=\"brz-cp-color7\"> para acceder a su cuenta.<\/span><\/p>\n<\/div>\n<\/div>\n<\/div>\n<\/div>\n<\/div>\n<div class=\"brz-columns brz-css-wab0o2\" data-brz-custom-id=\"iexjwnroxbzimshwykoqwaghjdmmwtrkdxni\">\n<div class=\"brz-bg\"><\/div>\n<div class=\"brz-column__items brz-css-zmklou\">\n<div id=\"\" class=\"brz-css-33iz1y brz-wrapper\">\n<div class=\"brz-image brz-css-a3dlkt\" data-brz-custom-id=\"gvvlzkcrnhmdjxapksunxcdiiekfsrontxpn\"><img decoding=\"async\" class=\"brz-img\" src=\"https:\/\/Zubreev.tech\/wp-content\/uploads\/brizy\/imgs\/Picture4-555x278x0x3x555x273x1709847061.png\" alt=\"\" loading=\"lazy\"><\/div>\n<\/div>\n<\/div>\n<\/div>\n<\/div>\n<\/div>\n<div id=\"\" class=\"brz-css-33iz1y brz-css-14ph3tf brz-css-3ysrqd brz-wrapper\">\n<div class=\"brz-spacer brz-css-1085r8e brz-css-1doymq4\"><\/div>\n<\/div>\n<\/div>\n<\/div>\n<\/section>\n<section id=\"c1444ac9e67aae4efd2c_omchvepnvpnwbtkmiffwcuihgbkqpfxbfpdv\" class=\"brz-section brz-css-1yb1hjm\">\n<div class=\"brz-section__content brz-section--boxed brz-css-11oir71 brz-css-16b005q\" data-brz-custom-id=\"kkymjbfdtuyfscbqwyuzxpfrsegglzkqlnwo\">\n<div class=\"brz-bg\">\n<div class=\"brz-bg-color\"><\/div>\n<\/div>\n<div class=\"brz-container brz-css-159xw4o\">\n<div class=\"brz-row__container brz-css-ye8kpp\" data-brz-custom-id=\"ldelqanaupieukhkysqpjeuxabxzlrzlfmfk\">\n<div class=\"brz-bg\"><\/div>\n<div class=\"brz-row brz-css-u4p6ss brz-css-wbpkms\">\n<div class=\"brz-columns brz-css-wab0o2\" data-brz-custom-id=\"zbutgbluotvihbohranspnrzcqlsbvzigrwx\">\n<div class=\"brz-bg\"><\/div>\n<div class=\"brz-column__items brz-css-zmklou\">\n<div id=\"\" class=\"brz-css-33iz1y brz-wrapper\">\n<div class=\"brz-rich-text brz-rich-text__custom brz-css-nal75t\" data-brz-custom-id=\"yghmtjpttktyucjzlxidhsipdjxjvaiinzzr\">\n<div data-brz-translate-text=\"1\">\n<p class=\"brz-fs-lg-21 brz-ft-google brz-ff-varela_round brz-tp-lg-empty brz-lh-lg-1_7 brz-ls-lg-0 brz-fw-lg-300 brz-fss-lg-px brz-css-hX92f\" data-generated-css=\"brz-css-kdkax\" data-uniq-id=\"xjwiq\"><strong class=\"brz-cp-color7\">3) Iniciar el curso<\/strong><\/p>\n<\/div>\n<\/div>\n<\/div>\n<div id=\"\" class=\"brz-css-33iz1y brz-wrapper\">\n<div class=\"brz-rich-text brz-rich-text__custom brz-css-nal75t\" data-brz-custom-id=\"oknggkjavuhikcwbrzvuuojixgrneblyabyi\">\n<div data-brz-translate-text=\"1\">\n<p class=\"brz-tp-lg-paragraph brz-css-d0WOt\" data-uniq-id=\"weaka\" data-generated-css=\"brz-css-gqtpf\"><span class=\"brz-cp-color7\">Para iniciar la formaci\u00f3n, responda S\u00cd en la ventana que aparece o haga clic en Formaci\u00f3n en el men\u00fa de la izquierda.<\/span><\/p>\n<\/div>\n<\/div>\n<\/div>\n<\/div>\n<\/div>\n<div class=\"brz-columns brz-css-wab0o2\" data-brz-custom-id=\"hrswoxptufrbfiglkwrpndpwxotmnxcmjuhw\">\n<div class=\"brz-bg\"><\/div>\n<div class=\"brz-column__items brz-css-zmklou\">\n<div id=\"\" class=\"brz-css-33iz1y brz-wrapper\">\n<div class=\"brz-image brz-css-us3ei6\" data-brz-custom-id=\"gfdljcgdsbvzdwlbozbdkxollacofdtaezmd\"><img decoding=\"async\" class=\"brz-img\" src=\"https:\/\/Zubreev.tech\/wp-content\/uploads\/brizy\/imgs\/Picture6-250x468x0x0x250x468x1709847062.png\" alt=\"\" loading=\"lazy\"><\/div>\n<\/div>\n<\/div>\n<\/div>\n<\/div>\n<\/div>\n<div id=\"\" class=\"brz-css-33iz1y brz-css-14ph3tf brz-css-1gxoo9m brz-wrapper\">\n<div class=\"brz-spacer brz-css-1085r8e brz-css-1rey7cn\"><\/div>\n<\/div>\n<\/div>\n<\/div>\n<\/section>\n<section id=\"9300eed925316575b2a1_tfufytmzanurqfjzqunemwppptayaqwzrjgx\" class=\"brz-section brz-css-1yb1hjm\">\n<div class=\"brz-section__content brz-section--boxed brz-css-11oir71 brz-css-tg3hwa\" data-brz-custom-id=\"uimxngvxxikzilzdleasqklbdkblxkkuqwwj\">\n<div class=\"brz-bg\">\n<div class=\"brz-bg-color\"><\/div>\n<\/div>\n<div class=\"brz-container brz-css-159xw4o\">\n<div class=\"brz-row__container brz-css-ye8kpp\" data-brz-custom-id=\"ztoxiegvnrfakyrsjojvptirdazdeopmhlnq\">\n<div class=\"brz-bg\"><\/div>\n<div class=\"brz-row brz-css-u4p6ss brz-css-wbpkms\">\n<div class=\"brz-columns brz-css-wab0o2\" data-brz-custom-id=\"gxtgxakirpnlfdqisfqsvyyymaxqtbkcosvu\">\n<div class=\"brz-bg\"><\/div>\n<div class=\"brz-column__items brz-css-zmklou\">\n<div id=\"\" class=\"brz-css-33iz1y brz-wrapper\">\n<div class=\"brz-rich-text brz-rich-text__custom brz-css-nal75t\" data-brz-custom-id=\"asblhfmczpwgltlfmzhihklqcejviqgggkqw\">\n<div data-brz-translate-text=\"1\">\n<p class=\"brz-fs-lg-21 brz-ft-google brz-ff-varela_round brz-tp-lg-empty brz-lh-lg-1_7 brz-ls-lg-0 brz-fw-lg-300 brz-fss-lg-px brz-css-bcb9U\" data-generated-css=\"brz-css-azdix\" data-uniq-id=\"relat\"><strong class=\"brz-cp-color7\">4) Curso<\/strong><\/p>\n<\/div>\n<\/div>\n<\/div>\n<div id=\"\" class=\"brz-css-33iz1y brz-wrapper\">\n<div class=\"brz-rich-text brz-rich-text__custom brz-css-nal75t\" data-brz-custom-id=\"ccruabpejqethoyupfjlfrxeiuabyyuzdhdr\">\n<div data-brz-translate-text=\"1\">\n<p class=\"brz-tp-lg-paragraph brz-css-yC3vs\" data-generated-css=\"brz-css-ansgl\" data-uniq-id=\"lxual\"><span class=\"brz-cp-color7\">Ahora puede leer el curso o escucharlo haciendo clic en el reproductor situado en la parte inferior. El bot\u00f3n para ir a la p\u00e1gina siguiente s\u00f3lo aparecer\u00e1 despu\u00e9s de leer. Haga clic en Siguiente.<\/span><\/p>\n<\/div>\n<\/div>\n<\/div>\n<\/div>\n<\/div>\n<div class=\"brz-columns brz-css-wab0o2\" data-brz-custom-id=\"xookemdagxnjqpolebeodmncooltmjcadofj\">\n<div class=\"brz-bg\"><\/div>\n<div class=\"brz-column__items brz-css-zmklou\">\n<div id=\"\" class=\"brz-css-33iz1y brz-wrapper\">\n<div class=\"brz-image brz-css-zw6gyr\" data-brz-custom-id=\"uhjvvbljyxikdabqzvptsfbbnemnmrhymejh\"><img decoding=\"async\" class=\"brz-img\" src=\"https:\/\/Zubreev.tech\/wp-content\/uploads\/brizy\/imgs\/Picture7-555x217x0x1x555x215x1709847062.png\" alt=\"\" loading=\"lazy\"><\/div>\n<\/div>\n<\/div>\n<\/div>\n<\/div>\n<\/div>\n<div id=\"\" class=\"brz-css-33iz1y brz-css-14ph3tf brz-css-1uwlpq1 brz-wrapper\">\n<div class=\"brz-spacer brz-css-1085r8e brz-css-1m9n0ha\"><\/div>\n<\/div>\n<\/div>\n<\/div>\n<\/section>\n<section id=\"036ac033b97e19f7836b_fsgpoqylflukqadhbpgkqzyrskrbaicmlzgr\" class=\"brz-section brz-css-1yb1hjm\">\n<div class=\"brz-section__content brz-section--boxed brz-css-11oir71 brz-css-1yopn4l\" data-brz-custom-id=\"sjvcbhbxzrdkwkdfxzgwndfeaftehqakjmyq\">\n<div class=\"brz-bg\">\n<div class=\"brz-bg-color\"><\/div>\n<\/div>\n<div class=\"brz-container brz-css-159xw4o\">\n<div class=\"brz-row__container brz-css-ye8kpp\" data-brz-custom-id=\"scpqtjyfumyxhtpnyzgcoumqugynkdrngmcv\">\n<div class=\"brz-bg\"><\/div>\n<div class=\"brz-row brz-css-u4p6ss brz-css-wbpkms\">\n<div class=\"brz-columns brz-css-wab0o2\" data-brz-custom-id=\"fflhnshykvxehycmxdxwipwbdomrshihgypd\">\n<div class=\"brz-bg\"><\/div>\n<div class=\"brz-column__items brz-css-zmklou\">\n<div id=\"\" class=\"brz-css-33iz1y brz-wrapper\">\n<div class=\"brz-rich-text brz-rich-text__custom brz-css-nal75t\" data-brz-custom-id=\"oriyqbqmqmaxemaxooftjvnakonnsukpmegr\">\n<div data-brz-translate-text=\"1\">\n<p class=\"brz-fs-lg-21 brz-ft-google brz-ff-varela_round brz-tp-lg-empty brz-lh-lg-1_7 brz-ls-lg-0 brz-fw-lg-300 brz-fss-lg-px brz-css-uxL1g\" data-generated-css=\"brz-css-plyyo\" data-uniq-id=\"crogk\"><strong class=\"brz-cp-color7\">5) Prueba<\/strong><\/p>\n<\/div>\n<\/div>\n<\/div>\n<div id=\"\" class=\"brz-css-33iz1y brz-wrapper\">\n<div class=\"brz-rich-text brz-rich-text__custom brz-css-nal75t\" data-brz-custom-id=\"kgalutzqebqiywvfggtdcwjeafqlsttjdhww\">\n<div data-brz-translate-text=\"1\">\n<p data-uniq-id=\"ryvrn\" data-generated-css=\"brz-css-hzhlu\" class=\"brz-tp-lg-paragraph brz-css-veMJV\"><span class=\"brz-cp-color7\">Despu\u00e9s de repasar todo el curso, deber\u00e1 realizar un cuestionario.<\/span><\/p>\n<p class=\"brz-tp-lg-paragraph brz-css-ctgFz\" data-uniq-id=\"ryvrn\" data-generated-css=\"brz-css-hzhlu\"><span class=\"brz-cp-color7\">Esto se hace de forma muy sencilla, elija la respuesta correcta (el propio sitio se lo pide) y haga clic en Siguiente&gt;&gt;.<\/span><\/p>\n<\/div>\n<\/div>\n<\/div>\n<\/div>\n<\/div>\n<div class=\"brz-columns brz-css-wab0o2\" data-brz-custom-id=\"bdhlubkkiszfkxydtmjybahmdlpkpjgslnor\">\n<div class=\"brz-bg\"><\/div>\n<div class=\"brz-column__items brz-css-zmklou\">\n<div id=\"\" class=\"brz-css-33iz1y brz-wrapper\">\n<div class=\"brz-image brz-css-17ksq4i\" data-brz-custom-id=\"mypxvaxxibfpbsvbfdnthdljrmkkrdaanxcg\"><img decoding=\"async\" class=\"brz-img\" src=\"https:\/\/Zubreev.tech\/wp-content\/uploads\/brizy\/imgs\/Picture8-555x302x0x0x555x302x1709847062.png\" alt=\"\" loading=\"lazy\"><\/div>\n<\/div>\n<\/div>\n<\/div>\n<\/div>\n<\/div>\n<div id=\"\" class=\"brz-css-33iz1y brz-css-14ph3tf brz-css-kkb5vw brz-wrapper\">\n<div class=\"brz-spacer brz-css-1085r8e brz-css-ghxh1v\"><\/div>\n<\/div>\n<\/div>\n<\/div>\n<\/section>\n<section id=\"72b354e3420b7508964d_rmqvxabmtxnyzzdpgnicsvemzspoazjwyuxp\" class=\"brz-section brz-css-1yb1hjm\">\n<div class=\"brz-section__content brz-section--boxed brz-css-11oir71 brz-css-obf4hi\" data-brz-custom-id=\"pxflbbfrzitaplrsojvkebxqaffxrflduuoy\">\n<div class=\"brz-bg\">\n<div class=\"brz-bg-color\"><\/div>\n<\/div>\n<div class=\"brz-container brz-css-159xw4o\">\n<div class=\"brz-row__container brz-css-ye8kpp\" data-brz-custom-id=\"qzruwnzehvhjrtpglcgebmxqmxpkykpdoxit\">\n<div class=\"brz-bg\"><\/div>\n<div class=\"brz-row brz-css-u4p6ss brz-css-wbpkms\">\n<div class=\"brz-columns brz-css-wab0o2\" data-brz-custom-id=\"vluifpbqjfbzbxvdlpvdneonbxylhkkspmun\">\n<div class=\"brz-bg\"><\/div>\n<div class=\"brz-column__items brz-css-zmklou\">\n<div id=\"\" class=\"brz-css-33iz1y brz-wrapper\">\n<div class=\"brz-rich-text brz-rich-text__custom brz-css-nal75t\" data-brz-custom-id=\"dpvabbwpjiyzhbbadawxvcrggaekrpnadidn\">\n<div data-brz-translate-text=\"1\">\n<p class=\"brz-fss-lg-px brz-fw-lg-300 brz-ls-lg-0 brz-lh-lg-1_7 brz-tp-lg-empty brz-ff-varela_round brz-ft-google brz-fs-lg-21 brz-css-xFiX1\" data-uniq-id=\"itlmr\" data-generated-css=\"brz-css-bqqos\"><strong class=\"brz-cp-color7\">6) Final<\/strong><\/p>\n<\/div>\n<\/div>\n<\/div>\n<div id=\"\" class=\"brz-css-33iz1y brz-wrapper\">\n<div class=\"brz-rich-text brz-rich-text__custom brz-css-nal75t\" data-brz-custom-id=\"npzavozpxskogenntgqcwzcqxpjvfijdpket\">\n<div data-brz-translate-text=\"1\">\n<p data-generated-css=\"brz-css-uwdha\" data-uniq-id=\"palka\" class=\"brz-tp-lg-paragraph brz-css-brFWq\"><span class=\"brz-cp-color7\">Una vez superada la prueba, aparecer\u00e1 un certificado.<\/span><\/p>\n<p class=\"brz-tp-lg-paragraph brz-css-pvuAz\" data-generated-css=\"brz-css-uwdha\" data-uniq-id=\"palka\"><span class=\"brz-cp-color7\">Ha aprobado el curso. Enhorabuena.<span class=\"ql-cursor\"><\/span><\/span><\/p>\n<\/div>\n<\/div>\n<\/div>\n<\/div>\n<\/div>\n<div class=\"brz-columns brz-css-wab0o2\" data-brz-custom-id=\"toxulaxyktslnaskpwowltevwhcxmwqovsqq\">\n<div class=\"brz-bg\"><\/div>\n<div class=\"brz-column__items brz-css-zmklou\">\n<div id=\"\" class=\"brz-css-33iz1y brz-wrapper\">\n<div class=\"brz-image brz-css-13ml1f3\" data-brz-custom-id=\"dnyoajfdhuktojankcurhprgtcyunkmtedwx\"><img decoding=\"async\" class=\"brz-img\" src=\"https:\/\/Zubreev.tech\/wp-content\/uploads\/brizy\/imgs\/Picture9-555x203x0x0x555x203x1709847063.png\" alt=\"\" loading=\"lazy\"><\/div>\n<\/div>\n<\/div>\n<\/div>\n<\/div>\n<\/div>\n<div id=\"\" class=\"brz-css-33iz1y brz-css-14ph3tf brz-css-1d25qcr brz-wrapper\">\n<div class=\"brz-spacer brz-css-1085r8e brz-css-1hrzp5m\"><\/div>\n<\/div>\n<\/div>\n<\/div>\n<\/section>\n<\/div>\n<p>    <!-- version:1747797909 --><\/p>","protected":false},"excerpt":{"rendered":"<p>CrimShield courses \u0421\u043f\u0435\u043a\u0442\u0440\u0443\u043c \u0442\u0440\u0435\u0431\u0443\u044e\u0442 \u0447\u0442\u043e\u0431\u044b \u0443 \u0432\u0441\u0435\u0445 \u0431\u044b\u043b\u0438 \u043f\u0440\u043e\u0439\u0434\u0435\u043d\u044b \u0432\u0441\u0435 \u043a\u0443\u0440\u0441\u044b CrimShield. \u0418\u043d\u0441\u0442\u0440\u0443\u043a\u0446\u0438\u044f \u043e \u0442\u043e\u043c \u043a\u0430\u043a \u044d\u0442\u043e \u0441\u0434\u0435\u043b\u0430\u0442\u044c: 1) \u0417\u0430\u043f\u0440\u043e\u0441 \u043d\u0430 \u0440\u0435\u0433\u0438\u0441\u0442\u0440\u0430\u0446\u0438\u044e \u0414\u043b\u044f \u043d\u0430\u0447\u0430\u043b\u0430 \u043f\u0435\u0440\u0435\u0445\u043e\u0434\u0438\u043c \u043d\u0430 \u0441\u0430\u0439\u0442 CrimeShield: https:\/\/www.crimshield.com\/contact-us.php \u0414\u0430\u043b\u0435\u0435 \u0437\u0430\u043f\u043e\u043b\u043d\u044f\u0435\u043c \u0432\u0441\u0435 \u043f\u043e\u043b\u043d\u044f \u0441\u043e \u0441\u0432\u043e\u0435\u0439 \u0430\u043a\u0442\u0443\u0430\u043b\u044c\u043d\u043e\u0439 \u0438\u043d\u0444\u043e\u0440\u043c\u0430\u0446\u0438\u0435\u0439. \u0418 \u0432 \u0441\u043e\u043e\u0431\u0449\u0435\u043d\u0438\u0435 \u043f\u0438\u0448\u0435\u043c: Please send me the registration link. Thank you. \u0418 \u043d\u0430\u0436\u0438\u043c\u0430\u0435\u043c SEND MESSAGE. \u041d\u0430 \u0441\u0435\u0433\u043e\u0434\u043d\u044f [&hellip;]<\/p>","protected":false},"author":1,"featured_media":0,"parent":0,"menu_order":0,"comment_status":"closed","ping_status":"closed","template":"brizy-blank-template.php","meta":{"footnotes":""},"class_list":["post-12759","page","type-page","status-publish","hentry"],"blocksy_meta":[],"_links":{"self":[{"href":"https:\/\/zubreev.tech\/es\/wp-json\/wp\/v2\/pages\/12759","targetHints":{"allow":["GET"]}}],"collection":[{"href":"https:\/\/zubreev.tech\/es\/wp-json\/wp\/v2\/pages"}],"about":[{"href":"https:\/\/zubreev.tech\/es\/wp-json\/wp\/v2\/types\/page"}],"author":[{"embeddable":true,"href":"https:\/\/zubreev.tech\/es\/wp-json\/wp\/v2\/users\/1"}],"replies":[{"embeddable":true,"href":"https:\/\/zubreev.tech\/es\/wp-json\/wp\/v2\/comments?post=12759"}],"version-history":[{"count":11,"href":"https:\/\/zubreev.tech\/es\/wp-json\/wp\/v2\/pages\/12759\/revisions"}],"predecessor-version":[{"id":15080,"href":"https:\/\/zubreev.tech\/es\/wp-json\/wp\/v2\/pages\/12759\/revisions\/15080"}],"wp:attachment":[{"href":"https:\/\/zubreev.tech\/es\/wp-json\/wp\/v2\/media?parent=12759"}],"curies":[{"name":"wp","href":"https:\/\/api.w.org\/{rel}","templated":true}]}}