{"id":12956,"date":"2024-05-15T19:39:53","date_gmt":"2024-05-15T19:39:53","guid":{"rendered":"http:\/\/Zubreev.tech\/?page_id=12956"},"modified":"2025-05-27T15:49:21","modified_gmt":"2025-05-27T15:49:21","slug":"alquiler-de-coches","status":"publish","type":"page","link":"https:\/\/zubreev.tech\/es\/alquiler-de-coches\/","title":{"rendered":"Alquiler de coches"},"content":{"rendered":"<div class=\"brz-root__container brz-reset-all brz brz-root__container-page\">\n<section id=\"6562ccf0c5ec2e5738b8_dlicrfwziwflzxypmfamyrxhtyqorahraktu\" class=\"brz-section brz-css-1yb1hjm brz-css-1gv3n92\">\n<div class=\"brz-section__content brz-section--boxed brz-css-tbhn3i brz-css-11pa79y\" data-brz-custom-id=\"zaeqewjdzcunpigwusvsrfgghmxmoknoerao\">\n<div class=\"brz-bg\">\n<div class=\"brz-bg-color\"><\/div>\n<\/div>\n<div class=\"brz-container brz-css-159xw4o brz-css-1nmtoa8\">\n<div id=\"\" class=\"brz-css-33iz1y brz-css-nuoi50 brz-wrapper\">\n<div class=\"brz-rich-text brz-rich-text__custom brz-css-nal75t brz-css-1yivsdc\" data-brz-custom-id=\"myiiytznasgpbwzqbrfhrixwrtbxqncbhyka\">\n<div data-brz-translate-text=\"1\">\n<h1 class=\"brz-text-lg-center brz-tp-lg-heading1 brz-css-b54GW\" data-uniq-id=\"xagng\" data-generated-css=\"brz-css-wkvyj\"><span class=\"brz-cp-color8\" style=\"opacity: 1;\">Un coche para trabajar<\/span><\/h1>\n<\/div>\n<\/div>\n<\/div>\n<div id=\"\" class=\"brz-css-33iz1y brz-css-102bink brz-wrapper\">\n<div class=\"brz-rich-text brz-rich-text__custom brz-css-nal75t brz-css-usaf7x\" data-brz-custom-id=\"xdrbjiocjtgzktymllwbmacmkyuxhyhtagud\">\n<div data-brz-translate-text=\"1\">\n<p class=\"brz-text-lg-center brz-tp-lg-empty brz-ff-merriweather brz-ft-google brz-fs-lg-22 brz-fss-lg-px brz-fw-lg-300 brz-ls-lg-0_5 brz-lh-lg-1_5 brz-css-oZwie\" data-uniq-id=\"zthxf\" data-generated-css=\"brz-css-rojhl\"><span class=\"brz-cp-color3\" style=\"background-color: rgb(43, 43, 43); opacity: 0.91;\">Requisitos del veh\u00edculo de trabajo:<\/span><\/p>\n<ul>\n<li class=\"brz-text-lg-center brz-tp-lg-empty brz-ff-merriweather brz-ft-google brz-fs-lg-22 brz-fss-lg-px brz-fw-lg-300 brz-ls-lg-0_5 brz-lh-lg-1_5 brz-css-lJXjf\" data-uniq-id=\"xnwts\" data-generated-css=\"brz-css-pcakr\" style=\"color: rgb(153, 153, 153); opacity: 0.82;\"><span style=\"background-color: rgb(43, 43, 43); color: rgb(153, 153, 153); opacity: 0.82;\">Camioneta, minib\u00fas o todoterreno (cualquier otra cosa no es adecuada)<\/span><\/li>\n<li class=\"brz-text-lg-center brz-tp-lg-empty brz-ff-merriweather brz-ft-google brz-fs-lg-22 brz-fss-lg-px brz-fw-lg-300 brz-ls-lg-0_5 brz-lh-lg-1_5 brz-css-rvWTj\" data-uniq-id=\"hmwji\" data-generated-css=\"brz-css-bhdyf\" style=\"color: rgb(153, 153, 153); opacity: 0.82;\"><span style=\"background-color: rgb(43, 43, 43); color: rgb(153, 153, 153); opacity: 0.82;\">La pintura del veh\u00edculo debe ser de color liso y no debe tener letras ni dibujos. <\/span><\/li>\n<li class=\"brz-text-lg-center brz-tp-lg-empty brz-ff-merriweather brz-ft-google brz-fs-lg-22 brz-fss-lg-px brz-fw-lg-300 brz-ls-lg-0_5 brz-lh-lg-1_5 brz-css-uqDFK\" data-uniq-id=\"ntlsr\" data-generated-css=\"brz-css-fywic\" style=\"color: rgb(153, 153, 153); opacity: 0.82;\"><span style=\"background-color: rgb(43, 43, 43); color: rgb(153, 153, 153); opacity: 0.82;\">El coche debe estar equipado con ra\u00edles para transportar una escalera de 28 pies.<\/span><\/li>\n<li class=\"brz-text-lg-center brz-tp-lg-empty brz-ff-merriweather brz-ft-google brz-fs-lg-22 brz-fss-lg-px brz-fw-lg-300 brz-ls-lg-0_5 brz-lh-lg-1_5 brz-css-uJBDs\" data-uniq-id=\"ryypa\" data-generated-css=\"brz-css-qkgkg\"><span style=\"background-color: rgb(43, 43, 43); color: rgb(153, 153, 153); opacity: 0.82;\">El coche tiene que ser capaz de sostener todo <\/span><a class=\"link--external\" style=\"background-color: rgb(43, 43, 43); opacity: 0.57; color: rgb(255, 174, 88);\" href=\"https:\/\/zubreev.tech\/boxes-equipment\/\" data-brz-link-type=\"external\" target=\"_blank\">equipo<\/a><span style=\"background-color: rgb(43, 43, 43); color: rgb(153, 153, 153); opacity: 0.82;\"> \u0438 <\/span><a class=\"link--external\" style=\"background-color: rgb(43, 43, 43); opacity: 0.62; color: rgb(255, 174, 88);\" href=\"https:\/\/zubreev.tech\/consumables-equipment\/\" data-brz-link-type=\"external\" target=\"_blank\">consumibles<\/a><span style=\"background-color: rgb(43, 43, 43); opacity: 0.53;\" class=\"brz-cp-color4\"> <\/span><span style=\"background-color: rgb(43, 43, 43); color: rgb(153, 153, 153); opacity: 0.82;\">para trabajar <\/span><\/li>\n<\/ul>\n<\/div>\n<\/div>\n<\/div>\n<div id=\"\" class=\"brz-css-33iz1y brz-css-11ufahn brz-wrapper\">\n<div class=\"brz-rich-text brz-rich-text__custom brz-css-nal75t brz-css-rr6sze\" data-brz-custom-id=\"grjdakglrdcexccgzasvcbbfwkmebevkihgz\">\n<div data-brz-translate-text=\"1\">\n<p class=\"brz-text-lg-center brz-tp-lg-paragraph brz-css-n0QFq\" data-generated-css=\"brz-css-ceqdy\" data-uniq-id=\"urint\"><span class=\"brz-cp-color7\">Si no se dispone de un coche adecuado, puede alquilarse por 125$ a la semana.<\/span><\/p>\n<p class=\"brz-text-lg-center brz-tp-lg-paragraph brz-css-sk3EK\" data-generated-css=\"brz-css-gyotv\" data-uniq-id=\"uyatv\"><span class=\"brz-cp-color7\">125$ incluye el mantenimiento completo del coche, as\u00ed como el seguro. El alquiler se paga mediante deducci\u00f3n semanal autom\u00e1tica de su salario.<\/span><\/p>\n<p class=\"brz-text-lg-center brz-tp-lg-paragraph brz-css-s8fhZ\" data-generated-css=\"brz-css-gyotv\" data-uniq-id=\"uyatv\"><span class=\"brz-cp-color7\">Para alquilar un coche, informe a su supervisor. Modelos de veh\u00edculos: F150, NV200m, Tacoma, Frontier. (El modelo se asigna en orden aleatorio)<\/span><\/p>\n<\/div>\n<\/div>\n<\/div>\n<div id=\"\" class=\"brz-css-33iz1y brz-css-f0hz2c brz-wrapper\">\n<div class=\"brz-rich-text brz-rich-text__custom brz-css-nal75t brz-css-oiklw5\" data-brz-custom-id=\"bmujxgjqxsdjsrjxgmcbmikkdtyakldhkpsd\">\n<div data-brz-translate-text=\"1\">\n<p data-uniq-id=\"ckend\" data-generated-css=\"brz-css-euvgh\" class=\"brz-ff-montserrat brz-ft-google brz-fs-lg-16 brz-fss-lg-px brz-fw-lg-400 brz-ls-lg-0 brz-lh-lg-1_7 brz-tp-lg-subtitle brz-css-ovfZs\"><span style=\"opacity: 1;\" class=\"brz-cp-color3\">Normas de uso del coche de alquiler:<\/span><\/p>\n<\/div>\n<\/div>\n<\/div>\n<div id=\"\" class=\"brz-css-33iz1y brz-css-1uobpga brz-wrapper\">\n<div class=\"brz-rich-text brz-rich-text__custom brz-css-nal75t brz-css-1x3frty\" data-brz-custom-id=\"wxpfxhpnwfatwlbwjfnrieiergvjepjamopu\">\n<div data-brz-translate-text=\"1\">\n<ul>\n<li class=\"brz-tp-lg-paragraph brz-bcp-color7 brz-css-iRppu\" data-generated-css=\"brz-css-euefv\" data-uniq-id=\"upynf\"><span class=\"brz-cp-color7\">\u0418\u043d\u0441\u043f\u0435\u043a\u0446\u0438\u044f &#8212; \u0410\u0432\u0442\u043e\u043c\u043e\u0431\u0438\u043b\u044c \u0434\u043e\u043b\u0436\u0435\u043d \u0435\u0436\u0435\u043c\u0435\u0441\u044f\u0447\u043d\u043e \u043f\u0440\u043e\u0445\u043e\u0434\u0438\u0442\u044c \u0430\u0432\u0442\u043e\u0438\u043d\u0441\u043f\u0435\u043a\u0446\u0438\u044e. \u0414\u043b\u044f \u044d\u0442\u043e\u0433\u043e \u043d\u0443\u0436\u043d\u043e \u043f\u0440\u043e\u0441\u0442\u043e \u043f\u043e\u0434\u044a\u0435\u0445\u0430\u0442\u044c \u043d\u0430 \u0441\u0432\u043e\u0439 \u0441\u043a\u043b\u0430\u0434 \u0438 \u043f\u043e\u043f\u0440\u043e\u0441\u0438\u0442\u044c \u0434\u0438\u0441\u043f\u0435\u0442\u0447\u0435\u0440\u0430 \u043f\u0440\u043e\u0432\u0435\u0441\u0442\u0438 \u0438\u043d\u0441\u043f\u0435\u043a\u0446\u0438\u044e (\u0437\u0430\u043d\u0438\u043c\u0430\u0435\u0442 2-3 \u043c\u0438\u043d\u0443\u0442\u044b)<\/span><\/li>\n<li class=\"brz-tp-lg-paragraph brz-bcp-color7 brz-css-pfE1i\" data-generated-css=\"brz-css-mowxs\" data-uniq-id=\"znuin\"><span class=\"brz-cp-color7\">\u0417\u0430\u043c\u0435\u043d\u0430 \u043c\u0430\u0441\u043b\u0430 &#8212; \u0412\u044b \u043e\u0431\u044f\u0437\u0430\u043d\u044b \u0441\u043b\u0435\u0434\u0438\u0442\u044c \u0437\u0430 \u0443\u0440\u043e\u0432\u043d\u0435\u043c \u0438 \u0441\u043e\u0441\u0442\u043e\u044f\u043d\u0438\u0435\u043c \u043c\u0430\u0441\u043b\u0430, \u043c\u0430\u0441\u043b\u043e \u043d\u0435 \u0434\u043e\u043b\u0436\u043d\u043e \u0431\u044b\u0442\u044c \u0441\u0442\u0430\u0440\u0448\u0435 5 \u0442\u044b\u0441\u044f\u0447 \u043c\u0438\u043b\u044c. \u041f\u0440\u0438 \u043d\u0435\u043e\u0431\u0445\u043e\u0434\u0438\u043c\u043e\u0441\u0442\u0438 \u0437\u0430\u043c\u0435\u043d\u044b \u043c\u0430\u0441\u043b\u0430, \u043f\u0440\u0438\u0432\u0435\u0437\u0438\u0442\u0435 \u043c\u0430\u0448\u0438\u043d\u0443 \u0432 \u043b\u044e\u0431\u0443\u044e \u043b\u043e\u043a\u0430\u0446\u0438\u044e Valvoline \u0438 \u0441\u043e\u043e\u0431\u0449\u0438\u0442\u0435 \u0447\u0442\u043e \u0432\u044b \u043e\u0442 Mold Cable. \u041f\u043e\u0441\u043b\u0435 \u0437\u0430\u043c\u0435\u043d\u044b \u043c\u0430\u0441\u043b\u0430 \u0443\u0431\u0435\u0434\u0438\u0442\u0435\u0441\u044c \u0447\u0442\u043e \u0432\u0430\u043c \u0432\u044b\u0434\u0430\u043b\u0438 \u043d\u043e\u0432\u0443\u044e \u043d\u0430\u043a\u043b\u0435\u0439\u043a\u0443 \u043d\u0430 \u043b\u043e\u0431\u043e\u0432\u043e\u0435 \u0441\u0442\u0435\u043a\u043b\u043e. (\u041f\u0440\u043e\u0446\u0435\u0434\u0443\u0440\u0430 \u0437\u0430\u043c\u0435\u043d\u044b \u043c\u0430\u0441\u043b\u0430 5-7 \u043c\u0438\u043d\u0443\u0442)<\/span><\/li>\n<li class=\"brz-tp-lg-paragraph brz-bcp-color7 brz-css-rdQlE\" data-generated-css=\"brz-css-hqlfc\" data-uniq-id=\"cwjzp\"><span class=\"brz-cp-color7\">\u0420\u0435\u043c\u043e\u043d\u0442 &#8212; \u043f\u0440\u0438 \u0432\u043e\u0437\u043d\u0438\u043a\u043d\u043e\u0432\u0435\u043d\u0438\u0438 \u043d\u0435\u0438\u0441\u043f\u0440\u0430\u0432\u043d\u043e\u0441\u0442\u0438 \u0430\u0432\u0442\u043e\u043c\u043e\u0431\u0438\u043b\u044f \u043e\u0441\u0432\u0435\u0434\u043e\u043c\u0438\u0442\u0435 \u0441\u0432\u043e\u0435\u0433\u043e \u0441\u0443\u043f\u0435\u0440\u0432\u0430\u0439\u0437\u0435\u0440\u0430, \u043e\u043d \u0432\u0430\u0441 \u0441\u043a\u043e\u043e\u0440\u0434\u0438\u043d\u0438\u0440\u0443\u0435\u0442 \u043e \u0434\u0430\u043b\u044c\u043d\u0435\u0439\u0448\u0438\u0445 \u0434\u0435\u0439\u0441\u0442\u0432\u0438\u044f\u0445. <\/span><\/li>\n<li class=\"brz-bcp-color7 brz-tp-lg-paragraph brz-css-fg5jH\" data-generated-css=\"brz-css-gaajw\" data-uniq-id=\"mngjf\"><span class=\"brz-cp-color7\">\u0417\u0430\u043c\u0435\u043d\u0430 \u0440\u0430\u0441\u0445\u043e\u0434\u043d\u0438\u043a\u043e\u0432 &#8212; \u041f\u0440\u043e\u0441\u0442\u043e\u0439 \u0440\u0435\u043c\u043e\u043d\u0442 \u043d\u0435 \u0442\u0440\u0435\u0431\u0443\u044e\u0449\u0438\u0439 \u0432\u043d\u0438\u043c\u0430\u043d\u0438\u044f \u0441\u043f\u0435\u0446\u0438\u0430\u043b\u0438\u0441\u0442\u0430 \u043e\u0441\u0443\u0449\u0435\u0441\u0442\u0432\u043b\u044f\u0435\u0442\u0441\u044f \u0441\u0430\u043c\u043e\u0441\u0442\u043e\u044f\u0442\u0435\u043b\u044c\u043d\u043e. (\u0414\u0432\u043e\u0440\u043d\u0438\u043a\u0438, \u0444\u0438\u043b\u044c\u0442\u0440\u0430, \u0434\u0432\u043e\u0440\u043d\u0438\u043a\u0438, \u0430\u043a\u043a\u0443\u043c\u0443\u043b\u044f\u0442\u043e\u0440 \u0438 \u0442\u0434.) \u041f\u0435\u0440\u0435\u0434 \u043f\u0440\u0438\u043e\u0431\u0440\u0435\u0442\u0435\u043d\u0438\u0435\u043c \u0440\u0430\u0441\u0445\u043e\u0434\u043d\u0438\u043a\u0430 \u043e\u0442\u043f\u0440\u0430\u0432\u044c\u0442\u0435 \u043f\u0438\u0441\u044c\u043c\u043e \u0441\u0432\u043e\u0435\u043c\u0443 \u0441\u0443\u043f\u0435\u0440\u0432\u0430\u0439\u0437\u0435\u0440\u0443 \u0441\u043e \u0441\u043b\u0435\u0434\u0443\u044e\u0449\u0435\u043c \u0441\u043e\u0434\u0435\u0440\u0436\u0430\u043d\u0438\u0435\u043c: \u0424\u043e\u0442\u043e \u0434\u0435\u043c\u043e\u043d\u0441\u0442\u0440\u0438\u0440\u0443\u044e\u0449\u0435\u0435 \u043d\u0435\u043f\u043e\u043b\u0430\u0434\u043a\u0443, \u0444\u043e\u0442\u043e \u0447\u0435\u043a\u0430 \u0441 \u0446\u0435\u043d\u043e\u0439 \u0437\u0430 <\/span> <span class=\"brz-cp-color7\">nueva pieza, una descripci\u00f3n del problema. Una vez aprobada la compra por el supervisor, usted compra y sustituye el consumible. El lunes siguiente a la compra, se transferir\u00e1 un reembolso completo a su cuenta bancaria.<\/span><\/li>\n<li class=\"brz-tp-lg-paragraph brz-bcp-color7 brz-css-y29ek\" data-generated-css=\"brz-css-qgffy\" data-uniq-id=\"mvaqy\"><span class=\"brz-cp-color7\"> \u0417\u0430\u043f\u0440\u0435\u0442\u044b &#8212; \u0412 \u0430\u0432\u0442\u043e\u043c\u043e\u0431\u0438\u043b\u0435 \u0443\u0441\u0442\u0430\u043d\u043e\u0432\u043b\u0435\u043d\u0430 \u043a\u0430\u043c\u0435\u0440\u0430 \u043a\u043e\u0442\u043e\u0440\u0430\u044f \u043f\u0440\u0435\u0434\u043d\u0430\u0437\u043d\u0430\u0447\u0435\u043d\u0430 \u0441\u043d\u0438\u0437\u0438\u0442\u044c \u0440\u0438\u0441\u043a \u0434\u0442\u043f. \u041a\u0430\u043c\u0435\u0440\u0430 \u0441\u043b\u0435\u0434\u0438\u0442 \u0447\u0442\u043e\u0431\u044b \u0432\u043e\u0434\u0438\u0442\u0435\u043b\u044c \u043d\u0435 \u043e\u0442\u0432\u043b\u0435\u043a\u0430\u043b\u0441\u044f \u0438 \u0432\u0441\u0435\u0433\u0434\u0430 \u0441\u043b\u0435\u0434\u043e\u0432\u0430\u043b \u043f\u0440\u0430\u0432\u0438\u043b\u0430\u043c \u0434\u043e\u0440\u043e\u0436\u043d\u043e\u0433\u043e \u0434\u0432\u0438\u0436\u0435\u043d\u0438\u044f, \u043a\u0430\u043c\u0435\u0440\u0430 \u0441\u0440\u0430\u0431\u0430\u0442\u044b\u0432\u0430\u0435\u0442 \u0442\u043e\u043b\u044c\u043a\u043e \u043d\u0430 \u043d\u0430\u0440\u0443\u0448\u0435\u043d\u0438\u044f \u0432 \u0434\u0432\u0438\u0436\u0435\u043d\u0438\u0438. \u0421\u043f\u0438\u0441\u043e\u043a \u043d\u0430\u0440\u0443\u0448\u0435\u043d\u0438\u0439 \u0438 \u0438\u0445 \u043f\u043e\u0441\u043b\u0435\u0434\u0441\u0442\u0432\u0438\u044f:<\/span><\/li>\n<li class=\"brz-bcp-color7 ql-indent-1 brz-tp-lg-paragraph brz-css-fNlTF\" data-generated-css=\"brz-css-xrqeg\" data-uniq-id=\"ezbws\"><strong class=\"brz-cp-color3\" style=\"opacity: 1;\">El conductor fuma (cualquier tipo de cigarrillo)<\/strong><span class=\"brz-cp-color7\"> &#8212; 1 \u043f\u0440\u0435\u0434\u0443\u043f\u0440\u0435\u0436\u0434\u0435\u043d\u0438\u0435 \u0437\u0430 \u0432\u0442\u043e\u0440\u043e\u0435 \u043d\u0430\u0440\u0443\u0448\u0435\u043d\u0438\u0435 \u0430\u0440\u0435\u043d\u0434\u0430 \u0431\u0443\u0434\u0435\u0442 \u0442\u0435\u043c\u0435\u043d\u0438\u0440\u043e\u0432\u0430\u043d\u043d\u0430 &#8212; \u0430\u0432\u0442\u043e\u043c\u043e\u0431\u0438\u043b\u044c \u0432\u043e\u0437\u0432\u0440\u0430\u0449\u0435\u043d.<\/span><\/li>\n<li class=\"brz-bcp-color7 ql-indent-1 brz-tp-lg-paragraph brz-css-igoJC\" data-generated-css=\"brz-css-gsesd\" data-uniq-id=\"xepin\"><strong class=\"brz-cp-color3\" style=\"opacity: 1;\">El conductor no lleva puesto el cintur\u00f3n de seguridad<\/strong> &#8212; 4<span style=\"color: rgb(195, 195, 195);\"> \u043f\u0440\u0435\u0434\u0443\u043f\u0440\u0435\u0436\u0434\u0435\u043d\u0438\u044f \u0437\u0430 \u043f\u044f\u0442\u043e\u0435 \u043d\u0430\u0440\u0443\u0448\u0435\u043d\u0438\u0435 \u0430\u0440\u0435\u043d\u0434\u0430 \u0431\u0443\u0434\u0435\u0442 \u0442\u0435\u043c\u0435\u043d\u0438\u0440\u043e\u0432\u0430\u043d\u043d\u0430 &#8212; \u0430\u0432\u0442\u043e\u043c\u043e\u0431\u0438\u043b\u044c \u0432\u043e\u0437\u0432\u0440\u0430\u0449\u0435\u043d.<\/span><\/li>\n<li class=\"brz-bcp-color7 ql-indent-1 brz-tp-lg-paragraph brz-css-ttuIj\" data-generated-css=\"brz-css-yuzoa\" data-uniq-id=\"onpvz\"><strong class=\"brz-cp-color3\" style=\"opacity: 1;\">Hay un tel\u00e9fono en la mano del conductor <\/strong>&#8212; <span style=\"color: rgb(195, 195, 195);\">1 \u043f\u0440\u0435\u0434\u0443\u043f\u0440\u0435\u0436\u0434\u0435\u043d\u0438\u0435 \u0437\u0430 \u0432\u0442\u043e\u0440\u043e\u0435 \u043d\u0430\u0440\u0443\u0448\u0435\u043d\u0438\u0435 \u0430\u0440\u0435\u043d\u0434\u0430 \u0431\u0443\u0434\u0435\u0442 \u0442\u0435\u043c\u0435\u043d\u0438\u0440\u043e\u0432\u0430\u043d\u043d\u0430 &#8212; \u0430\u0432\u0442\u043e\u043c\u043e\u0431\u0438\u043b\u044c \u0432\u043e\u0437\u0432\u0440\u0430\u0449\u0435\u043d.<\/span><\/li>\n<li class=\"brz-bcp-color7 brz-tp-lg-paragraph ql-indent-1 brz-css-kHRng\" data-generated-css=\"brz-css-vgeem\" data-uniq-id=\"mwizs\"><strong class=\"brz-cp-color3\" style=\"opacity: 1;\">Conductor distra\u00eddo por beber agua\/comida<\/strong><span style=\"color: rgb(195, 195, 195);\"> &#8212; 4 \u043f\u0440\u0435\u0434\u0443\u043f\u0440\u0435\u0436\u0434\u0435\u043d\u0438\u044f \u0437\u0430 \u043f\u044f\u0442\u043e\u0435 \u043d\u0430\u0440\u0443\u0448\u0435\u043d\u0438\u0435 \u0430\u0440\u0435\u043d\u0434\u0430 \u0431\u0443\u0434\u0435\u0442 \u0442\u0435\u043c\u0435\u043d\u0438\u0440\u043e\u0432\u0430\u043d\u043d\u0430 &#8212; \u0430\u0432\u0442\u043e\u043c\u043e\u0431\u0438\u043b\u044c \u0432\u043e\u0437\u0432\u0440\u0430\u0449\u0435\u043d.<\/span><\/li>\n<li class=\"brz-bcp-color7 ql-indent-1 brz-tp-lg-paragraph brz-css-jCcj3\" data-generated-css=\"brz-css-brqvz\" data-uniq-id=\"twlxh\"><strong class=\"brz-cp-color3\" style=\"opacity: 1;\">El conductor no respeta el l\u00edmite de velocidad<\/strong> &#8212; <span style=\"color: rgb(195, 195, 195);\">1 \u043f\u0440\u0435\u0434\u0443\u043f\u0440\u0435\u0436\u0434\u0435\u043d\u0438\u0435 \u0437\u0430 \u0432\u0442\u043e\u0440\u043e\u0435 \u043d\u0430\u0440\u0443\u0448\u0435\u043d\u0438\u0435 \u0430\u0440\u0435\u043d\u0434\u0430 \u0431\u0443\u0434\u0435\u0442 \u0442\u0435\u043c\u0435\u043d\u0438\u0440\u043e\u0432\u0430\u043d\u043d\u0430 &#8212; \u0430\u0432\u0442\u043e\u043c\u043e\u0431\u0438\u043b\u044c \u0432\u043e\u0437\u0432\u0440\u0430\u0449\u0435\u043d.<\/span><\/li>\n<li class=\"brz-bcp-color7 ql-indent-1 brz-tp-lg-paragraph brz-css-x6Zop\" data-generated-css=\"brz-css-sfdys\" data-uniq-id=\"vhcgi\"><strong class=\"brz-cp-color3\" style=\"opacity: 1;\">Saltarse un sem\u00e1foro en rojo<\/strong> &#8212; <span style=\"color: rgb(195, 195, 195);\">1 \u043f\u0440\u0435\u0434\u0443\u043f\u0440\u0435\u0436\u0434\u0435\u043d\u0438\u0435 \u0437\u0430 \u0432\u0442\u043e\u0440\u043e\u0435 \u043d\u0430\u0440\u0443\u0448\u0435\u043d\u0438\u0435 \u0430\u0440\u0435\u043d\u0434\u0430 \u0431\u0443\u0434\u0435\u0442 \u0442\u0435\u043c\u0435\u043d\u0438\u0440\u043e\u0432\u0430\u043d\u043d\u0430 &#8212; \u0430\u0432\u0442\u043e\u043c\u043e\u0431\u0438\u043b\u044c \u0432\u043e\u0437\u0432\u0440\u0430\u0449\u0435\u043d.<\/span><\/li>\n<li class=\"brz-bcp-color7 ql-indent-1 brz-tp-lg-paragraph brz-css-l5DP8\" data-generated-css=\"brz-css-ntcuz\" data-uniq-id=\"zbtzd\"><strong class=\"brz-cp-color3\" style=\"opacity: 1;\">No detenerse completamente en una se\u00f1al de stop<\/strong> &#8212; 2<span style=\"color: rgb(195, 195, 195);\"> \u043f\u0440\u0435\u0434\u0443\u043f\u0440\u0435\u0436\u0434\u0435\u043d\u0438\u044f \u0437\u0430 \u0442\u0440\u0435\u0442\u044c\u0435 \u043d\u0430\u0440\u0443\u0448\u0435\u043d\u0438\u0435 \u0430\u0440\u0435\u043d\u0434\u0430 \u0431\u0443\u0434\u0435\u0442 \u0442\u0435\u043c\u0435\u043d\u0438\u0440\u043e\u0432\u0430\u043d\u043d\u0430 &#8212; \u0430\u0432\u0442\u043e\u043c\u043e\u0431\u0438\u043b\u044c \u0432\u043e\u0437\u0432\u0440\u0430\u0449\u0435\u043d.<\/span><\/li>\n<li class=\"brz-bcp-color7 ql-indent-1 brz-tp-lg-paragraph brz-css-vcpTi\" data-generated-css=\"brz-css-itmwp\" data-uniq-id=\"ydpzk\"><strong class=\"brz-cp-color3\" style=\"opacity: 1;\">Frenado \/ giro \/ aceleraci\u00f3n bruscos<\/strong> &#8212; <span style=\"color: rgb(195, 195, 195);\">2 \u043f\u0440\u0435\u0434\u0443\u043f\u0440\u0435\u0436\u0434\u0435\u043d\u0438\u044f \u0437\u0430 \u0442\u0440\u0435\u0442\u044c\u0435 \u043d\u0430\u0440\u0443\u0448\u0435\u043d\u0438\u0435 \u0430\u0440\u0435\u043d\u0434\u0430 \u0431\u0443\u0434\u0435\u0442 \u0442\u0435\u043c\u0435\u043d\u0438\u0440\u043e\u0432\u0430\u043d\u043d\u0430 &#8212; \u0430\u0432\u0442\u043e\u043c\u043e\u0431\u0438\u043b\u044c \u0432\u043e\u0437\u0432\u0440\u0430\u0449\u0435\u043d.<\/span><\/li>\n<li class=\"brz-tp-lg-paragraph ql-indent-1 brz-css-xpwjM\" data-generated-css=\"brz-css-omfdn\" data-uniq-id=\"afelo\"><strong class=\"brz-cp-color3\" style=\"opacity: 1;\">Conducir con un pasajero no autorizado<\/strong><span style=\"color: rgb(195, 195, 195);\"> &#8212; 1 \u043f\u0440\u0435\u0434\u0443\u043f\u0440\u0435\u0436\u0434\u0435\u043d\u0438\u0435 \u0437\u0430 \u0432\u0442\u043e\u0440\u043e\u0435 \u043d\u0430\u0440\u0443\u0448\u0435\u043d\u0438\u0435 \u0430\u0440\u0435\u043d\u0434\u0430 \u0431\u0443\u0434\u0435\u0442 \u0442\u0435\u043c\u0435\u043d\u0438\u0440\u043e\u0432\u0430\u043d\u043d\u0430 &#8212; \u0430\u0432\u0442\u043e\u043c\u043e\u0431\u0438\u043b\u044c \u0432\u043e\u0437\u0432\u0440\u0430\u0449\u0435\u043d.<\/span><\/li>\n<li class=\"brz-tp-lg-paragraph ql-indent-1 brz-css-vfYkO\" data-generated-css=\"brz-css-nmgjv\" data-uniq-id=\"ztwyj\"><strong class=\"brz-cp-color3\" style=\"opacity: 1;\">Conducci\u00f3n por un conductor no autorizado<\/strong><span style=\"color: rgb(195, 195, 195);\"> &#8212; \u043c\u0433\u043d\u043e\u0432\u0435\u043d\u043d\u0430\u044f \u0442\u0435\u0440\u043c\u0438\u043d\u0430\u0446\u0438\u044f, \u0430\u0432\u0442\u043e\u043c\u043e\u0431\u0438\u043b\u044c \u0434\u043e\u043b\u0436\u0435\u043d \u0431\u044b\u0442\u044c \u0432\u043e\u0437\u0432\u0440\u0430\u0449\u0435\u043d.<\/span><\/li>\n<\/ul>\n<p class=\"brz-bcp-color7 brz-tp-lg-paragraph brz-css-uohJw\" data-generated-css=\"brz-css-ekgui\" data-uniq-id=\"edrcm\"><\/p>\n<p class=\"brz-bcp-color7 brz-tp-lg-paragraph brz-css-nosXI\" data-generated-css=\"brz-css-mgbdj\" data-uniq-id=\"pckzb\">En el modo de conducci\u00f3n est\u00e1ndar, la c\u00e1mara no te molestar\u00e1.<\/p>\n<ul>\n<li class=\"brz-bcp-color7 brz-tp-lg-paragraph brz-css-iVKbr\" data-generated-css=\"brz-css-rswkx\" data-uniq-id=\"zuaif\">\u0414\u0422\u041f &#8212; \u0432 \u0441\u043b\u0443\u0447\u0430\u0435 \u0430\u0432\u0430\u0440\u0438\u0438 \u043d\u0435\u0437\u0430\u043c\u0435\u0434\u043b\u0438\u0442\u0435\u043b\u044c\u043d\u043e \u043f\u0440\u0438\u0448\u043b\u0438\u0442\u0435 \u0441\u0443\u043f\u0435\u0440\u0432\u0430\u0439\u0437\u0435\u0440\u0443 \u0440\u0430\u0437\u0432\u0435\u0440\u043d\u0443\u0442\u044b\u0435 \u0444\u043e\u0442\u043e\u0433\u0440\u0430\u0444\u0438\u0438 \u0430\u0432\u0430\u0440\u0438\u0438, \u0430 \u0442\u0430\u043a \u0436\u0435 \u0430\u0434\u0440\u0435\u0441 \u043f\u0440\u043e\u0438\u0441\u0448\u0435\u0441\u0442\u0432\u0438\u044f. \u0421\u0443\u043f\u0435\u0440\u0432\u0430\u0439\u0437\u0435\u0440 \u0441\u043a\u043e\u043e\u0440\u0434\u0438\u043d\u0438\u0440\u0443\u0435\u0442 \u043e \u0434\u0430\u043b\u044c\u043d\u0435\u0439\u0448\u0438\u0445 \u0434\u0435\u0439\u0441\u0442\u0432\u0438\u044f\u0445.<\/li>\n<\/ul>\n<p class=\"brz-bcp-color7 brz-tp-lg-paragraph brz-css-x416P\" data-generated-css=\"brz-css-vurbq\" data-uniq-id=\"naduq\"><\/p>\n<p class=\"brz-tp-lg-paragraph brz-css-h1HCQ\" data-generated-css=\"brz-css-gzxps\" data-uniq-id=\"ntujg\"><\/p>\n<\/div>\n<\/div>\n<\/div>\n<div id=\"\" class=\"brz-css-33iz1y brz-css-14ph3tf brz-css-1m95hn3 brz-wrapper\">\n<div class=\"brz-spacer brz-css-1085r8e brz-css-tdqplj\"><\/div>\n<\/div>\n<\/div>\n<\/div>\n<\/section>\n<\/div>\n<p>    <!-- version:1748360961 --><\/p>","protected":false},"excerpt":{"rendered":"<p>\u0410\u0432\u0442\u043e \u0434\u043b\u044f \u0440\u0430\u0431\u043e\u0442\u044b \u0422\u0440\u0435\u0431\u043e\u0432\u0430\u043d\u0438\u044f \u043a \u0440\u0430\u0431\u043e\u0447\u0435\u043c\u0443 \u0430\u0432\u0442\u043e\u043c\u043e\u0431\u0438\u043b\u044e: \u041f\u0438\u043a\u0430\u043f, \u043c\u0438\u043a\u0440\u043e\u0430\u0432\u0442\u043e\u0431\u0443\u0441 \u0438\u043b\u0438 \u0432\u043d\u0435\u0434\u043e\u0440\u043e\u0436\u043d\u0438\u043a (\u0412\u0441\u0435 \u0447\u0442\u043e \u043c\u0435\u043d\u044c\u0448\u0435 \u043d\u0435 \u043f\u043e\u0434\u0445\u043e\u0434\u0438\u0442) \u041e\u043a\u0440\u0430\u0441 \u0430\u0432\u0442\u043e\u043c\u043e\u0431\u0438\u043b\u044f \u0434\u043e\u043b\u0436\u0435\u043d \u0431\u044b\u0442\u044c \u043e\u0434\u043d\u043e\u0442\u043e\u043d\u043d\u044b\u0439 \u0438 \u043d\u0435 \u0438\u043c\u0435\u0442\u044c \u043d\u0430\u0434\u043f\u0438\u0441\u0435\u0439 \u0438 \u0440\u0438\u0441\u0443\u043d\u043a\u043e\u0432. \u0410\u0432\u0442\u043e \u0434\u043e\u043b\u0436\u043d\u043e \u0431\u044b\u0442\u044c \u043e\u0441\u043d\u0430\u0449\u0435\u043d\u043e \u0440\u0435\u0439\u043b\u0438\u043d\u0433\u0430\u043c\u0438 \u0434\u043b\u044f \u043f\u0435\u0440\u0435\u0432\u043e\u0437\u043a\u0438 28\u043c\u0438 \u0444\u0443\u0442\u043e\u0432\u043e\u0439 \u043b\u0435\u0441\u0442\u043d\u0438\u0446\u044b. \u0410\u0432\u0442\u043e\u043c\u043e\u0431\u0438\u043b\u044c \u043e\u0431\u044f\u0437\u0430\u043d \u0432\u043c\u0435\u0441\u0442\u0438\u0442\u044c \u0432 \u0441\u0435\u0431\u044f \u0432\u0441\u0435 \u043e\u0431\u043e\u0440\u0443\u0434\u043e\u0432\u0430\u043d\u0438\u0435 \u0438 \u0440\u0430\u0441\u0445\u043e\u0434\u043d\u0438\u043a\u0438 \u0434\u043b\u044f \u0440\u0430\u0431\u043e\u0442\u044b \u0412 \u0441\u043b\u0443\u0447\u0430\u0435 \u043e\u0442\u0441\u0443\u0442\u0441\u0442\u0432\u0438\u044f \u043f\u043e\u0434\u0445\u043e\u0434\u044f\u0449\u0435\u0433\u043e \u0430\u0432\u0442\u043e\u043c\u043e\u0431\u0438\u043b\u044f, \u0435\u0433\u043e \u043c\u043e\u0436\u043d\u043e [&hellip;]<\/p>","protected":false},"author":1,"featured_media":0,"parent":0,"menu_order":0,"comment_status":"closed","ping_status":"closed","template":"brizy-blank-template.php","meta":{"footnotes":""},"class_list":["post-12956","page","type-page","status-publish","hentry"],"blocksy_meta":[],"_links":{"self":[{"href":"https:\/\/zubreev.tech\/es\/wp-json\/wp\/v2\/pages\/12956","targetHints":{"allow":["GET"]}}],"collection":[{"href":"https:\/\/zubreev.tech\/es\/wp-json\/wp\/v2\/pages"}],"about":[{"href":"https:\/\/zubreev.tech\/es\/wp-json\/wp\/v2\/types\/page"}],"author":[{"embeddable":true,"href":"https:\/\/zubreev.tech\/es\/wp-json\/wp\/v2\/users\/1"}],"replies":[{"embeddable":true,"href":"https:\/\/zubreev.tech\/es\/wp-json\/wp\/v2\/comments?post=12956"}],"version-history":[{"count":14,"href":"https:\/\/zubreev.tech\/es\/wp-json\/wp\/v2\/pages\/12956\/revisions"}],"predecessor-version":[{"id":15471,"href":"https:\/\/zubreev.tech\/es\/wp-json\/wp\/v2\/pages\/12956\/revisions\/15471"}],"wp:attachment":[{"href":"https:\/\/zubreev.tech\/es\/wp-json\/wp\/v2\/media?parent=12956"}],"curies":[{"name":"wp","href":"https:\/\/api.w.org\/{rel}","templated":true}]}}