{"id":2081,"date":"2023-04-20T02:25:36","date_gmt":"2023-04-20T02:25:36","guid":{"rendered":"http:\/\/Zubreev.tech\/?page_id=2081"},"modified":"2025-05-21T11:59:10","modified_gmt":"2025-05-21T11:59:10","slug":"mdu","status":"publish","type":"page","link":"https:\/\/zubreev.tech\/es\/articulos\/mdu\/","title":{"rendered":"MDU"},"content":{"rendered":"<div class=\"brz-root__container brz-reset-all brz brz-root__container-page\">\n<section id=\"87abcb0bbed19958478b_hevomvwdnllmylseqrtmhnuryhzlveykswjv\" class=\"brz-section brz-css-dzsy2d\">\n<div class=\"brz-section__content brz-section--boxed brz-css-1rxy6fm brz-css-1f680xm\" data-brz-custom-id=\"cxuevjssbokedfpxrmxlndtqgbzcovcaetof\">\n<div class=\"brz-bg\">\n<div class=\"brz-bg-color\"><\/div>\n<\/div>\n<div class=\"brz-container brz-css-oqo8ce\">\n<div id=\"\" class=\"brz-css-11zkues brz-wrapper\">\n<div class=\"brz-rich-text brz-rich-text__custom brz-css-knubuo\" data-brz-custom-id=\"vwyxwwszjdxowrlnozputgoymympixceyxrx\">\n<div data-brz-translate-text=\"1\">\n<h1 class=\"brz-lh-xs-1_6 brz-ls-xs-m_2 brz-fw-xs-200 brz-fss-xs-px brz-fs-xs-40 brz-tp-xs-empty brz-text-lg-center brz-tp-lg-empty brz-ff-pacifico brz-ft-google brz-fs-lg-52 brz-fss-lg-px brz-fw-lg-200 brz-ls-lg-m_2 brz-lh-lg-1_6 brz-css-abMsW\" data-generated-css=\"brz-css-wInj4\" data-uniq-id=\"mPoNd\"><span class=\"brz-cp-color3\" style=\"opacity: 1\">MDU (Precableado defectuoso)<\/span><\/h1>\n<h1 class=\"brz-text-xs-center brz-text-lg-center brz-ff-pacifico brz-ft-google brz-fs-lg-52 brz-fss-lg-px brz-fw-lg-200 brz-ls-lg-m_2 brz-lh-lg-1_6 brz-tp-lg-paragraph brz-css-n4wbX\" data-generated-css=\"brz-css-cDxSM\" data-uniq-id=\"s6dYx\"><span class=\"brz-cp-color7\" style=\"opacity: 1\">En caso de rotura de un cable de escucha en el bloque de apartamentos,<\/span><\/h1>\n<h1 class=\"brz-tp-lg-paragraph brz-text-lg-center brz-ff-pacifico brz-ft-google brz-fs-lg-52 brz-fss-lg-px brz-fw-lg-200 brz-ls-lg-m_2 brz-lh-lg-1_6 brz-css-l1WYY\" data-generated-css=\"brz-css-lb7EZ\" data-uniq-id=\"j3iTQ\"><span class=\"brz-cp-color7\" style=\"opacity: 1\"> se estropea, o no se estropea en absoluto, hay que pedir una MDU.<\/span><span style=\"opacity: 1\"> <\/span><\/h1>\n<p class=\"brz-tp-lg-paragraph brz-css-pgDsl\" data-generated-css=\"brz-css-eahI3\" data-uniq-id=\"fhZM7\"><\/p>\n<\/div>\n<\/div>\n<\/div>\n<div id=\"\" class=\"brz-css-11zkues brz-wrapper\">\n<div class=\"brz-rich-text brz-rich-text__custom brz-css-knubuo\" data-brz-custom-id=\"vhacjyexauadhyxghhnwjgxqmugohtckhiog\">\n<div data-brz-translate-text=\"1\">\n<p class=\"brz-tp-lg-subtitle brz-css-iJFWN\" data-uniq-id=\"fayzo\" data-generated-css=\"brz-css-zvios\"><strong class=\"brz-cp-color7\"><em>Procedimiento CBMJ: <\/em><\/strong><\/p>\n<ol>\n<li class=\"brz-tp-lg-paragraph brz-bcp-color7 brz-css-bb7bq\" data-uniq-id=\"qnfwv\" data-generated-css=\"brz-css-hgukh\"><span class=\"brz-cp-color7\">Encuentra la divisi\u00f3n principal del piso (Main Split) y hazle una foto.<\/span><\/li>\n<li class=\"brz-tp-lg-paragraph brz-bcp-color7 brz-css-krJ13\" data-uniq-id=\"jakam\" data-generated-css=\"brz-css-lvacs\"><span class=\"brz-cp-color7\">\u0415\u0441\u043b\u0438 \u0435\u0441\u0442\u044c \u0441\u043e\u043c\u043d\u0435\u043d\u0438\u044f \u043a\u0430\u043a\u043e\u0439 \u0438\u0437 \u043a\u0430\u0431\u0435\u043b\u0435\u0439 \u0434\u0440\u043e\u043f &#8212; \u041f\u0440\u043e\u0437\u0432\u0430\u043d\u0438\u0432\u0430\u0435\u043c \u0432\u0441\u0435 \u043a\u0430\u0431\u0435\u043b\u044f \u0438 \u043d\u0430\u0445\u043e\u0434\u0438\u043c \u043a\u0430\u043a\u043e\u0439 \u0438\u0434\u0435\u0442 \u043a \u043a\u0430\u043a\u043e\u0439 \u0440\u043e\u0437\u0435\u0442\u043a\u0435.<\/span><\/li>\n<li class=\"brz-tp-lg-paragraph brz-bcp-color7 brz-css-ftc9Z\" data-uniq-id=\"crpvj\" data-generated-css=\"brz-css-rflsp\"><span class=\"brz-cp-color7\">Para cada cable que no podemos encontrar donde va, hacer un escaneo de canales y TDR (Tomar una foto de los resultados).<\/span><\/li>\n<li class=\"brz-tp-lg-paragraph brz-bcp-color3 brz-css-coe2x\" style=\"opacity: 1\" data-uniq-id=\"ljjdk\" data-generated-css=\"brz-css-ydhwt\"><span class=\"brz-cp-color3\" style=\"opacity: 1\">Todas las fotos deben mostrar claramente a qu\u00e9 est\u00e1 conectado el inglete y qu\u00e9 valores se muestran <\/span><\/li>\n<li class=\"brz-tp-lg-paragraph brz-bcp-color7 brz-css-pgrNT\" data-uniq-id=\"pxnor\" data-generated-css=\"brz-css-wjjou\"><span class=\"brz-cp-color7\">A continuaci\u00f3n vamos al grifo y medimos la se\u00f1al del grifo. (haciendo fotos)<\/span><\/li>\n<li class=\"brz-tp-lg-paragraph brz-bcp-color7 brz-css-dzAV3\" data-uniq-id=\"yzzul\" data-generated-css=\"brz-css-djvhl\"><span class=\"brz-cp-color7\">Encuentra tu gota en el grifo y haz una prueba TDR documentando el resultado. <\/span><\/li>\n<li class=\"brz-tp-lg-paragraph brz-bcp-color7 brz-css-xl9Tl\" data-uniq-id=\"vklha\" data-generated-css=\"brz-css-ckcvt\">Ahora planeamos c\u00f3mo debe discurrir el nuevo cable. Nuestra tarea consiste en proponer una ruta. Haz fotos del trazado del cable.<\/li>\n<li class=\"brz-tp-lg-paragraph brz-bcp-color7 brz-css-kaiAa\" data-uniq-id=\"pnnni\" data-generated-css=\"brz-css-tdykx\"><span class=\"brz-cp-color7\">Haz un dibujo de c\u00f3mo quieres que vaya el cable (Ejemplos de fotos debajo del post).<\/span><\/li>\n<li class=\"brz-tp-lg-paragraph brz-bcp-color7 brz-css-tjr9a\" data-uniq-id=\"zcrmc\" data-generated-css=\"brz-css-jnxuo\"><span class=\"brz-cp-color7\">Env\u00ede todas las fotos tomadas a su supervisor para obtener la aprobaci\u00f3n de los pedidos MDU. <\/span><\/li>\n<li class=\"brz-tp-lg-paragraph brz-bcp-color7 brz-css-kyM7W\" data-uniq-id=\"mfjek\" data-generated-css=\"brz-css-iacig\">Pasarlo al cliente <a class=\"brz-cp-color3 link--upload\" style=\"opacity: 1\" href=\"https:\/\/Zubreev.tech\/wp-content\/uploads\/2023\/11\/MDU-Prewire-form.pdf\" data-brz-link-type=\"upload\">Formulario de precableado MDU<\/a> para rellenar y firmar. (Haga una foto del formulario firmado)<a class=\"link--upload brz-cp-color3\" style=\"opacity: 1\" href=\"https:\/\/Zubreev.tech\/wp-content\/uploads\/2023\/11\/MDU-Prewire-form.pdf\" data-brz-link-type=\"upload\"> Descargar foma <\/a><\/li>\n<li class=\"brz-tp-lg-paragraph brz-bcp-color7 brz-css-uyRTT\" data-uniq-id=\"vjkwm\" data-generated-css=\"brz-css-bgfot\"><span class=\"brz-cp-color7\">Env\u00eda a Despacho toda la informaci\u00f3n que hayas reunido y todas las fotos. P\u00eddele que cree una Evaluaci\u00f3n, se paga alrededor de 20$. <\/span><\/li>\n<li class=\"brz-tp-lg-paragraph brz-bcp-color7 brz-css-jp6x4\" data-uniq-id=\"ibjcq\" data-generated-css=\"brz-css-jfjeb\"><span class=\"brz-cp-color7\">Llama al Departamento de Justicia y diles que el pedido se ha desviado para tirar cable nuevo y p\u00eddeles que retiren el trabajo. (El trabajo se present\u00f3 por mal precableado, por favor, qu\u00edtamelo).<\/span><\/li>\n<\/ol>\n<\/div>\n<\/div>\n<\/div>\n<div id=\"\" class=\"brz-css-11zkues brz-wrapper\">\n<div class=\"brz-rich-text brz-rich-text__custom brz-css-knubuo\" data-brz-custom-id=\"qobdicbgkpralzbyeqhdmypkxmflsfvwnoqg\">\n<div data-brz-translate-text=\"1\">\n<p class=\"brz-fs-lg-70 brz-ft-google brz-ff-roboto brz-tp-lg-empty brz-lh-lg-1_2 brz-ls-lg-0 brz-fw-lg-100 brz-fss-lg-px brz-tp-sm-empty brz-fs-sm-53 brz-fss-sm-px brz-fw-sm-100 brz-ls-sm-0 brz-lh-sm-1_2 brz-tp-xs-empty brz-fs-xs-36 brz-fss-xs-px brz-fw-xs-100 brz-ls-xs-0 brz-lh-xs-1_2 brz-css-iDvPQ\" data-uniq-id=\"aynpz\" data-generated-css=\"brz-css-hdhtq\"><span style=\"opacity: 1\" class=\"brz-cp-color3\">Ejemplos de fotos para \"Evaluaci\u00f3n\":<\/span><\/p>\n<\/div>\n<\/div>\n<\/div>\n<div class=\"brz-row__container brz-css-i446cj\" data-brz-custom-id=\"drvrjznptkyuuvtpbzmpoevgutlhqsncpoae\">\n<div class=\"brz-bg\"><\/div>\n<div class=\"brz-row brz-css-n7z4gz brz-css-bb29ln\">\n<div class=\"brz-columns brz-css-17h5rql brz-css-15c0bez\" data-brz-custom-id=\"vnftdnzobwgvsyzgxwmbgpvwyhuxefoxctrq\">\n<div class=\"brz-bg\"><\/div>\n<div class=\"brz-column__items brz-css-1qakyzx\">\n<div class=\"brz-row__container brz-css-i446cj\" data-brz-custom-id=\"ndrdqkfaipwuovsuvmvqnjzeovpalfxekpvv\">\n<div class=\"brz-bg\"><\/div>\n<div class=\"brz-row brz-row--inner brz-css-n7z4gz brz-css-bb29ln\">\n<div class=\"brz-columns brz-css-17h5rql brz-css-vos738\" data-brz-custom-id=\"aiasjypwccckflovgdcnxerwpjabdkvpfbbn\">\n<div class=\"brz-bg\"><\/div>\n<div class=\"brz-column__items brz-css-1qakyzx\">\n<div id=\"\" class=\"brz-css-11zkues brz-wrapper\">\n<div class=\"brz-image brz-css-54nesg\" data-brz-custom-id=\"rcqizriipmzlsizetcqrjmcebrwmdvebikva\"><img decoding=\"async\" class=\"brz-img\" src=\"https:\/\/Zubreev.tech\/wp-content\/uploads\/brizy\/imgs\/mdu1-350x466x0x0x350x466x1681957007.jpg\" alt=\"\" loading=\"lazy\"><\/div>\n<\/div>\n<\/div>\n<\/div>\n<div class=\"brz-columns brz-css-17h5rql brz-css-dbjgms\" data-brz-custom-id=\"satcsosfqjdjtcwhwzsyhckotfozdatfslgd\">\n<div class=\"brz-bg\"><\/div>\n<div class=\"brz-column__items brz-css-1qakyzx\">\n<div id=\"\" class=\"brz-css-11zkues brz-wrapper\">\n<div class=\"brz-image brz-css-1kdqvbe\" data-brz-custom-id=\"cjnvvsvucfkzcuzruzjcswtrxwxplrflbaud\"><img decoding=\"async\" class=\"brz-img\" src=\"https:\/\/Zubreev.tech\/wp-content\/uploads\/brizy\/imgs\/mdu2-350x466x0x0x350x466x1681957007.jpg\" alt=\"\" loading=\"lazy\"><\/div>\n<\/div>\n<\/div>\n<\/div>\n<div class=\"brz-columns brz-css-17h5rql brz-css-1liz89y\" data-brz-custom-id=\"jcvroyyloozyuhrlabcavcbvwadcxfhvodse\">\n<div class=\"brz-bg\"><\/div>\n<div class=\"brz-column__items brz-css-1qakyzx\">\n<div id=\"\" class=\"brz-css-11zkues brz-wrapper\">\n<div class=\"brz-image brz-css-12f2k1t\" data-brz-custom-id=\"crshwcbafbokdthmzyrgvlyxjnnfqvpatshv\"><img decoding=\"async\" class=\"brz-img\" src=\"https:\/\/Zubreev.tech\/wp-content\/uploads\/brizy\/imgs\/mdu3-351x468x0x0x351x468x1681957007.jpg\" alt=\"\" loading=\"lazy\"><\/div>\n<\/div>\n<\/div>\n<\/div>\n<\/div>\n<\/div>\n<div class=\"brz-row__container brz-css-i446cj\" data-brz-custom-id=\"dgpbrkkvqijclnuwpfamtgrmuxcsamkzxyhm\">\n<div class=\"brz-bg\"><\/div>\n<div class=\"brz-row brz-row--inner brz-css-n7z4gz brz-css-bb29ln\">\n<div class=\"brz-columns brz-css-17h5rql brz-css-pf9oaw\" data-brz-custom-id=\"nnffvnqnmrucyztbxebioohkijdxzemmbish\">\n<div class=\"brz-bg\"><\/div>\n<div class=\"brz-column__items brz-css-1qakyzx\">\n<div id=\"\" class=\"brz-css-11zkues brz-wrapper\">\n<div class=\"brz-image brz-image__lightbox brz-css-6p4i3j\" data-brz-custom-id=\"jhqfusyklaqhqnckupcfaidxkxzchcqbkvlr\"><a class=\"brz-a\" href=\"https:\/\/Zubreev.tech\/wp-content\/uploads\/2023\/07\/WhatsApp-Image-2023-07-23-at-15.57.262.jpg\" target=\"_self\" rel=\"noopener\" data-brz-link-type=\"lightBox\"><img decoding=\"async\" class=\"brz-img\" src=\"https:\/\/Zubreev.tech\/wp-content\/uploads\/brizy\/imgs\/WhatsApp-Image-2023-07-23-at-15.57.262-350x262x0x0x350x262x1690211865.jpg\" alt=\"\" loading=\"lazy\"><\/a><\/div>\n<\/div>\n<\/div>\n<\/div>\n<div class=\"brz-columns brz-css-17h5rql brz-css-nnnfgf\" data-brz-custom-id=\"gjdepdbvxvnojhgnzdufyzzazxupvuigqebb\">\n<div class=\"brz-bg\"><\/div>\n<div class=\"brz-column__items brz-css-1qakyzx\">\n<div id=\"\" class=\"brz-css-11zkues brz-wrapper\">\n<div class=\"brz-image brz-image__lightbox brz-css-jy0ymd\" data-brz-custom-id=\"iozyfspkicahivwswzdrzgdnzomzuatobpqc\"><a class=\"brz-a\" href=\"https:\/\/Zubreev.tech\/wp-content\/uploads\/2023\/07\/WhatsApp-Image-2023-07-23-at-15.57.26.jpg\" target=\"_self\" rel=\"noopener\" data-brz-link-type=\"lightBox\"><img decoding=\"async\" class=\"brz-img\" src=\"https:\/\/Zubreev.tech\/wp-content\/uploads\/brizy\/imgs\/WhatsApp-Image-2023-07-23-at-15.57.26-350x262x0x0x350x262x1690211864.jpg\" alt=\"\" loading=\"lazy\"><\/a><\/div>\n<\/div>\n<\/div>\n<\/div>\n<div class=\"brz-columns brz-css-17h5rql brz-css-g6j02p\" data-brz-custom-id=\"wpudrfveksjwcnhtnqivzjeudrneijtftwwj\">\n<div class=\"brz-bg\"><\/div>\n<div class=\"brz-column__items brz-css-1qakyzx\">\n<div id=\"\" class=\"brz-css-11zkues brz-wrapper\">\n<div class=\"brz-image brz-image__lightbox brz-css-1pic67s brz-css-b0vcfe\" data-brz-custom-id=\"roeynfgloczgzjsiptwhzmdfebvbrnavvfcq\"><a class=\"brz-a\" href=\"https:\/\/Zubreev.tech\/wp-content\/uploads\/2023\/07\/WhatsApp-Image-2023-07-23-at-15.57.25.jpg\" target=\"_self\" rel=\"noopener\" data-brz-link-type=\"lightBox\"><img decoding=\"async\" class=\"brz-img\" src=\"https:\/\/Zubreev.tech\/wp-content\/uploads\/brizy\/imgs\/WhatsApp-Image-2023-07-23-at-15.57.25-351x263x0x0x351x263x1690211866.jpg\" alt=\"\" loading=\"lazy\"><\/a><\/div>\n<\/div>\n<\/div>\n<\/div>\n<\/div>\n<\/div>\n<\/div>\n<\/div>\n<\/div>\n<\/div>\n<\/div>\n<\/div>\n<\/section>\n<\/div>\n<p>    <!-- version:1747797873 --><\/p>","protected":false},"excerpt":{"rendered":"<p>MDU (Bad Prewire) \u0412 \u0441\u043b\u0443\u0447\u0430\u0435 \u0435\u0441\u043b\u0438 \u0432 \u041c\u043d\u043e\u0433\u043e\u043a\u0432\u0430\u0440\u0442\u0438\u0440\u043d\u043e\u043c \u0434\u043e\u043c\u0435 \u043f\u0440\u043e\u0432\u043e\u0434 \u0438\u0434\u0443\u0449\u0438\u0439 \u043e\u0442 \u0442\u0430\u043f\u0430 \u043f\u0435\u0440\u0435\u0431\u0438\u0442, \u0438\u0441\u043f\u043e\u0440\u0447\u0435\u043d, \u0438\u043b\u0438 \u0432\u043e\u0432\u0441\u0435 \u043e\u0442\u0441\u0443\u0442\u0441\u0442\u0432\u0443\u0435\u0442 \u043d\u0443\u0436\u043d\u043e \u0437\u0430\u043a\u0430\u0437\u044b\u0432\u0430\u0442\u044c \u041c\u0414\u042e. \u041f\u0440\u043e\u0446\u0435\u0434\u0443\u0440\u0430 \u041c\u0414\u042e: \u041d\u0430\u0445\u043e\u0434\u0438\u043c \u0433\u043b\u0430\u0432\u043d\u0443\u044e \u0440\u0430\u0437\u0432\u044f\u0437\u043a\u0443 \u0432 \u043a\u0432\u0430\u0440\u0442\u0438\u0440\u0435 (Main Split) \u0418 \u0444\u043e\u0442\u043e\u0433\u0440\u0430\u0444\u0438\u0440\u0443\u0435\u043c \u0435\u0435. \u0415\u0441\u043b\u0438 \u0435\u0441\u0442\u044c \u0441\u043e\u043c\u043d\u0435\u043d\u0438\u044f \u043a\u0430\u043a\u043e\u0439 \u0438\u0437 \u043a\u0430\u0431\u0435\u043b\u0435\u0439 \u0434\u0440\u043e\u043f &#8212; \u041f\u0440\u043e\u0437\u0432\u0430\u043d\u0438\u0432\u0430\u0435\u043c \u0432\u0441\u0435 \u043a\u0430\u0431\u0435\u043b\u044f \u0438 \u043d\u0430\u0445\u043e\u0434\u0438\u043c \u043a\u0430\u043a\u043e\u0439 \u0438\u0434\u0435\u0442 \u043a \u043a\u0430\u043a\u043e\u0439 \u0440\u043e\u0437\u0435\u0442\u043a\u0435. \u0414\u043b\u044f \u043a\u0430\u0436\u0434\u043e\u0433\u043e \u043a\u0430\u0431\u0435\u043b\u044f, \u0447\u0442\u043e [&hellip;]<\/p>","protected":false},"author":1,"featured_media":0,"parent":2058,"menu_order":0,"comment_status":"closed","ping_status":"closed","template":"brizy-blank-template.php","meta":{"footnotes":""},"class_list":["post-2081","page","type-page","status-publish","hentry"],"blocksy_meta":[],"_links":{"self":[{"href":"https:\/\/zubreev.tech\/es\/wp-json\/wp\/v2\/pages\/2081","targetHints":{"allow":["GET"]}}],"collection":[{"href":"https:\/\/zubreev.tech\/es\/wp-json\/wp\/v2\/pages"}],"about":[{"href":"https:\/\/zubreev.tech\/es\/wp-json\/wp\/v2\/types\/page"}],"author":[{"embeddable":true,"href":"https:\/\/zubreev.tech\/es\/wp-json\/wp\/v2\/users\/1"}],"replies":[{"embeddable":true,"href":"https:\/\/zubreev.tech\/es\/wp-json\/wp\/v2\/comments?post=2081"}],"version-history":[{"count":13,"href":"https:\/\/zubreev.tech\/es\/wp-json\/wp\/v2\/pages\/2081\/revisions"}],"predecessor-version":[{"id":15070,"href":"https:\/\/zubreev.tech\/es\/wp-json\/wp\/v2\/pages\/2081\/revisions\/15070"}],"up":[{"embeddable":true,"href":"https:\/\/zubreev.tech\/es\/wp-json\/wp\/v2\/pages\/2058"}],"wp:attachment":[{"href":"https:\/\/zubreev.tech\/es\/wp-json\/wp\/v2\/media?parent=2081"}],"curies":[{"name":"wp","href":"https:\/\/api.w.org\/{rel}","templated":true}]}}