{"id":2302,"date":"2023-05-01T17:37:02","date_gmt":"2023-05-01T17:37:02","guid":{"rendered":"http:\/\/Zubreev.tech\/?page_id=2302"},"modified":"2025-05-21T21:15:03","modified_gmt":"2025-05-21T21:15:03","slug":"bad_tap","status":"publish","type":"page","link":"https:\/\/zubreev.tech\/es\/articulos\/bad_tap\/","title":{"rendered":"Tap-Report"},"content":{"rendered":"<div class=\"brz-root__container brz-reset-all brz brz-root__container-page\">\n<section id=\"259d933d92e7c4171a99_ynwlzzswhaajglrwlniafcgwrcckaoepimit\" class=\"brz-section brz-css-aiabwx\">\n<div class=\"brz-section__content brz-section--boxed brz-css-1hll5e4 brz-css-17upkbj\" data-brz-custom-id=\"xehivowhbobzznqyezeronqgcmvrvaygmfet\">\n<div class=\"brz-bg\">\n<div class=\"brz-bg-color\"><\/div>\n<\/div>\n<div class=\"brz-container brz-css-itp6ye brz-css-1dcux9g\">\n<div id=\"\" class=\"brz-css-vi9pl8 brz-wrapper\">\n<div class=\"brz-rich-text brz-rich-text__custom brz-css-15fnn7x\" data-brz-custom-id=\"spspggpqeumlsnqziquizgvgzecgbtitaqnf\">\n<div data-brz-translate-text=\"1\">\n<h1 class=\"brz-tp-lg-heading1 brz-text-lg-center brz-css-iGZjS\" data-generated-css=\"brz-css-e3jow\" data-uniq-id=\"o_FOL\"><span class=\"brz-cp-color3\" style=\"opacity: 1\">Grifo malo<\/span><\/h1>\n<\/div>\n<\/div>\n<\/div>\n<div id=\"\" class=\"brz-css-vi9pl8 brz-css-yf5848 brz-wrapper\">\n<div class=\"brz-rich-text brz-rich-text__custom brz-css-15fnn7x\" data-brz-custom-id=\"etqidyatshjzptykxgazofibbkyefbugrtbh\">\n<div data-brz-translate-text=\"1\">\n<p class=\"brz-tp-lg-paragraph brz-text-lg-center brz-mb-lg-0 brz-css-hjEbc\" data-generated-css=\"brz-css-cdmka\" data-uniq-id=\"xlanl\"><span class=\"brz-cp-color7\">La toma se considera inutilizable si los valores superan: 48 dB UpStream(y) y 7dB DownStream(y). En todos los dem\u00e1s casos, la validaci\u00f3n puede superarse utilizando un amplificador o soldando cajas de TV. (Las cajas de TV nuevas pasan la validaci\u00f3n mientras est\u00e1n embaladas) <\/span><\/p>\n<\/div>\n<\/div>\n<\/div>\n<div class=\"brz-row__container brz-css-1jdyg2o\" data-brz-custom-id=\"cjixrovljyxpwpimfaqxkmoqmhboflandzva\">\n<div class=\"brz-bg\"><\/div>\n<div class=\"brz-row brz-css-lhqus2 brz-css-vp9h0g\">\n<div class=\"brz-columns brz-css-1c1efrj brz-css-hs4am3\" data-brz-custom-id=\"cblquhmdrjqhuyvblfjxcovhqgefetmgqxte\">\n<div class=\"brz-bg\"><\/div>\n<div class=\"brz-column__items brz-css-vvorvi brz-css-y0sg8v\">\n<div id=\"\" class=\"brz-css-vi9pl8 brz-wrapper\">\n<div class=\"brz-image brz-css-u7dvek brz-css-11hpow5\" data-brz-custom-id=\"ohtvpldkieinazmawlgqshmucwwcgqlxhwqe\"><img decoding=\"async\" class=\"brz-img\" src=\"https:\/\/Zubreev.tech\/wp-content\/uploads\/brizy\/imgs\/tap_report-262x378x0x0x262x370x1682960657.jpg\" alt=\"\" loading=\"lazy\"><\/div>\n<\/div>\n<\/div>\n<\/div>\n<div class=\"brz-columns brz-css-1c1efrj brz-css-1nu5cp2\" data-brz-custom-id=\"hbtmvjmiahxlioyincnuqhxbzlegxyaqjoil\">\n<div class=\"brz-bg\"><\/div>\n<div class=\"brz-column__items brz-css-vvorvi\">\n<div id=\"\" class=\"brz-css-vi9pl8 brz-wrapper\">\n<div class=\"brz-rich-text brz-rich-text__custom brz-css-15fnn7x\" data-brz-custom-id=\"ghkgmezlxbmdopeyjxxcamljvzsialkhidqt\">\n<div data-brz-translate-text=\"1\">\n<p class=\"brz-lh-lg-1_7 brz-ls-lg-0 brz-fw-lg-300 brz-fss-lg-px brz-fs-lg-17 brz-ft-google brz-ff-varela_round brz-tp-lg-empty brz-css-o9Hl8\" data-generated-css=\"brz-css-yhlfx\" data-uniq-id=\"unlnm\"><strong class=\"brz-cp-color3\" style=\"opacity: 1\">El informe de la tapa requiere: <\/strong><\/p>\n<p class=\"brz-tp-lg-empty brz-lh-lg-1_7 brz-ls-lg-0 brz-fw-lg-300 brz-fss-lg-px brz-fs-lg-17 brz-ft-google brz-ff-varela_round brz-css-inyy8\" data-generated-css=\"brz-css-dbnjs\" data-uniq-id=\"noddv\"><span class=\"brz-cp-color6\" style=\"opacity: 1\">Tome al menos 2 fotos de dos tomas diferentes que muestren la se\u00f1al m\u00e1s una foto del escaneo del Canal. La foto debe mostrar claramente la toma y el inglete conectado a ella. Hay una foto de ejemplo en la p\u00e1gina. <\/span><\/p>\n<p class=\"brz-tp-lg-empty brz-lh-lg-1_7 brz-ls-lg-0 brz-fw-lg-300 brz-fss-lg-px brz-fs-lg-17 brz-ft-google brz-ff-varela_round brz-css-zPOO2\" data-generated-css=\"brz-css-vkffc\" data-uniq-id=\"ldeke\"><span class=\"brz-cp-color6\" style=\"opacity: 1\">Realiza las m\u00e9tricas en las tres ubicaciones (No importa el resultado) y s\u00fabelas al servidor v\u00eda WIFI (<\/span><a class=\"brz-cp-color4 link--popup\" style=\"opacity: 1\" href=\"#dspgdxiimyyehhjuoebhsevjamijjuywedmx\" data-brz-link-type=\"popup\">C\u00f3mo descargar v\u00eda WIFI<\/a><span class=\"brz-cp-color6\" style=\"opacity: 1\">) <\/span><\/p>\n<p class=\"brz-tp-lg-empty brz-lh-lg-1_7 brz-ls-lg-0 brz-fw-lg-300 brz-fss-lg-px brz-fs-lg-17 brz-ft-google brz-ff-varela_round brz-css-imI99\" data-generated-css=\"brz-css-gcwxv\" data-uniq-id=\"cuwww\"><span class=\"brz-cp-color6\" style=\"opacity: 1\">A continuaci\u00f3n, cree una solicitud de reparaci\u00f3n Tapa a trav\u00e9s de la aplicaci\u00f3n.<\/span><\/p>\n<p class=\"brz-tp-lg-empty brz-lh-lg-1_7 brz-ls-lg-0 brz-fw-lg-300 brz-fss-lg-px brz-fs-lg-17 brz-ft-google brz-ff-varela_round brz-css-f1xkc\" data-generated-css=\"brz-css-ejxrb\" data-uniq-id=\"ppdjg\"><span style=\"opacity: 1\" class=\"brz-cp-color6\">Puede ver c\u00f3mo se hace aqu\u00ed:<\/span><span style=\"opacity: 1\" class=\"brz-cp-color4\"> <\/span><a class=\"brz-cp-color4 link--popup\" style=\"opacity: 1\" href=\"#yitxhpjzenqzwurccfmhozswokqzpoctjpxe\" data-brz-link-type=\"popup\">Refer2Maint<\/a><\/p>\n<p class=\"brz-tp-lg-empty brz-lh-lg-1_7 brz-ls-lg-0 brz-fw-lg-300 brz-fss-lg-px brz-fs-lg-17 brz-ft-google brz-ff-varela_round brz-css-pMqag\" data-generated-css=\"brz-css-jfrim\" data-uniq-id=\"vxkaq\"><span style=\"opacity: 1\" class=\"brz-cp-color6\">(El v\u00eddeo muestra el pedido del Cradle, el procedimiento de reparaci\u00f3n no es muy diferente, lo principal es seleccionar \"Refer to Maintenance\" al principio).<\/span><\/p>\n<p class=\"brz-tp-lg-empty brz-lh-lg-1_7 brz-ls-lg-0 brz-fw-lg-300 brz-fss-lg-px brz-fs-lg-17 brz-ft-google brz-ff-varela_round brz-css-pv_Gk\" data-generated-css=\"brz-css-jzbxd\" data-uniq-id=\"gcjuw\"><span class=\"brz-cp-color6\" style=\"opacity: 1\">Despu\u00e9s de crear un pedido, haga una captura de pantalla del n\u00famero de pedido y env\u00ede un correo electr\u00f3nico a la oficina de correos de su zona:<\/span><\/p>\n<p class=\"brz-tp-lg-empty brz-lh-lg-1_7 brz-ls-lg-0 brz-fw-lg-300 brz-fss-lg-px brz-fs-lg-17 brz-ft-google brz-ff-varela_round brz-css-xAf24\" data-generated-css=\"brz-css-qshbr\" data-uniq-id=\"phphb\"><span style=\"opacity: 1\" class=\"brz-cp-color6\">En el asunto: Pulse Mantenimiento<\/span><\/p>\n<p data-generated-css=\"brz-css-nzcyp\" data-uniq-id=\"svvmu\" class=\"brz-lh-lg-1_7 brz-ls-lg-0 brz-fw-lg-300 brz-fss-lg-px brz-fs-lg-18 brz-ft-google brz-ff-varela_round brz-tp-lg-empty brz-css-m4Xny\"><span style=\"opacity: 1\" class=\"brz-cp-color6\">En el contenido escriba el n\u00famero de trabajo peque\u00f1a descripci\u00f3n del problema y a\u00f1adir una foto con inglete, captura de pantalla de la orden y los n\u00fameros de orden de reparaci\u00f3n.   <\/span><\/p>\n<\/div>\n<\/div>\n<div class=\"brz brz-popup2 brz-popup2__preview brz-popup2__auto brz-popup2--fixed brz-css-1az0fpk brz-css-9ehj4h\" id=\"yitxhpjzenqzwurccfmhozswokqzpoctjpxe\" data-brz-popup=\"yitxhpjzenqzwurccfmhozswokqzpoctjpxe\" data-brz-click_outside_to_close=\"true\" data-brz-once-id=\"yitxhpjzenqzwurccfmhozswokqzpoctjpxe\" data-brz-custom-id=\"ttdtlksebagruujuskfrcizowscobabjlnhd\">\n<div class=\"brz-bg\">\n<div class=\"brz-bg-color\"><\/div>\n<\/div>\n<div class=\"brz-popup2__inner brz-d-xs-flex brz-flex-xs-wrap brz-css-15lybie brz-css-1ewzihp\">\n<div class=\"brz-container__wrap\">\n<div class=\"brz-popup2__close\" data-brz-custom-id=\"ttdtlksebagruujuskfrcizowscobabjlnhd--close\"><\/div>\n<div class=\"brz-container\">\n<div data-brz-iteration-count=\"Infinity\" class=\"brz-row__container brz-css-1jdyg2o brz-css-1mvzbor brz-animated brz-css-tuwvnu brz-css-t1gc7i\" data-brz-custom-id=\"rfwunvtxmgwlsewiymarwrqlukmecybwnoap\">\n<div class=\"brz-bg\">\n<div class=\"brz-bg-color\"><\/div>\n<\/div>\n<div class=\"brz-row brz-row--inner brz-css-lhqus2 brz-css-1o27n4d\">\n<div class=\"brz-columns brz-css-1c1efrj brz-css-u626dp\" data-brz-custom-id=\"ocereyozmnvahmhdxtsygvklhwfpnpgsxgba\">\n<div class=\"brz-bg\"><\/div>\n<div class=\"brz-column__items brz-css-vvorvi\">\n<div id=\"\" class=\"brz-css-vi9pl8 brz-wrapper\">\n<div class=\"brz-video brz-youtube-video brz-video-on-controls-hidden brz-css-1k4p38e brz-css-zziv12\" data-brz-custom-id=\"afhsvnwjwrvkjsdymkkqmfltfqnskiijxcjo\">\n<div class=\"brz-video-content\" data-loop=\"true\" data-muted=\"false\" data-autoplay=\"on\">\n<div class=\"video-wrapper brz-image-fix-9-16\">\n<div class=\"brz-video-data brz-hidden\" data-src=\"https:\/\/www.youtube.com\/embed\/vEbgm0Aezs0?autoplay=1&amp;controls=1&amp;start=0&amp;end=0&amp;modestbranding=1&amp;wmode=transparent&amp;enablejsapi=1&amp;loop=1&amp;rel=0&amp;mute=1&amp;playlist=vEbgm0Aezs0\" data-population=\"\" data-controls=\"true\" data-branding=\"false\" data-intro=\"true\" data-start=\"0\" data-end=\"0\" data-loop=\"true\" data-autoplay=\"on\"><\/div>\n<\/div>\n<\/div>\n<\/div>\n<\/div>\n<\/div>\n<\/div>\n<\/div>\n<\/div>\n<\/div>\n<\/div>\n<\/div>\n<\/div>\n<div class=\"brz brz-popup2 brz-popup2__preview brz-popup2__auto brz-popup2--fixed brz-css-1az0fpk brz-css-2w4aza\" id=\"dspgdxiimyyehhjuoebhsevjamijjuywedmx\" data-brz-popup=\"dspgdxiimyyehhjuoebhsevjamijjuywedmx\" data-brz-click_outside_to_close=\"true\" data-brz-once-id=\"dspgdxiimyyehhjuoebhsevjamijjuywedmx\" data-brz-custom-id=\"ruogiukyzdxyelapmaldlnzpzojjxvewoiba\">\n<div class=\"brz-bg\">\n<div class=\"brz-bg-color\"><\/div>\n<\/div>\n<div class=\"brz-popup2__inner brz-d-xs-flex brz-flex-xs-wrap brz-css-15lybie brz-css-rjc6mx\">\n<div class=\"brz-container__wrap\">\n<div class=\"brz-popup2__close\" data-brz-custom-id=\"ruogiukyzdxyelapmaldlnzpzojjxvewoiba--close\"><\/div>\n<div class=\"brz-container\">\n<div data-brz-iteration-count=\"Infinity\" class=\"brz-row__container brz-css-1jdyg2o brz-css-1rqbmi2 brz-animated brz-css-tuwvnu brz-css-si4bu8\" data-brz-custom-id=\"haixlketmckknboidwdvhocnwvlfbbfgxfzv\">\n<div class=\"brz-bg\">\n<div class=\"brz-bg-color\"><\/div>\n<\/div>\n<div class=\"brz-row brz-row--inner brz-css-lhqus2 brz-css-1qjc50\">\n<div class=\"brz-columns brz-css-1c1efrj brz-css-vu8a8z\" data-brz-custom-id=\"xdnwqokhrhrvdsmsvqfaewjogcelghojjcbs\">\n<div class=\"brz-bg\"><\/div>\n<div class=\"brz-column__items brz-css-vvorvi\">\n<div id=\"\" class=\"brz-css-vi9pl8 brz-wrapper\">\n<div class=\"brz-video brz-youtube-video brz-video-on-controls-hidden brz-css-1k4p38e brz-css-5ob9p3\" data-brz-custom-id=\"vssnwvzcwhqjxrgmaxrfsfpkzdjtfvjkwtqx\">\n<div class=\"brz-video-content\" data-loop=\"true\" data-muted=\"false\" data-autoplay=\"on\">\n<div class=\"video-wrapper brz-image-fix-4-3\">\n<div class=\"brz-video-data brz-hidden\" data-src=\"https:\/\/www.youtube.com\/embed\/97kFS8KLl7E?autoplay=1&amp;controls=1&amp;start=0&amp;end=0&amp;modestbranding=1&amp;wmode=transparent&amp;enablejsapi=1&amp;loop=1&amp;rel=0&amp;mute=1&amp;playlist=97kFS8KLl7E\" data-population=\"\" data-controls=\"true\" data-branding=\"false\" data-intro=\"true\" data-start=\"0\" data-end=\"0\" data-loop=\"true\" data-autoplay=\"on\"><\/div>\n<\/div>\n<\/div>\n<\/div>\n<\/div>\n<\/div>\n<\/div>\n<\/div>\n<\/div>\n<\/div>\n<\/div>\n<\/div>\n<\/div>\n<\/div>\n<\/div>\n<\/div>\n<\/div>\n<\/div>\n<div class=\"brz-row__container brz-css-1jdyg2o brz-css-4tm1im\" data-brz-custom-id=\"jxctqrclpursiktvltuisrsaatmrfqqwixfm\">\n<div class=\"brz-bg\"><\/div>\n<div class=\"brz-row brz-css-lhqus2 brz-css-vp9h0g\">\n<div class=\"brz-columns brz-css-1c1efrj brz-css-tdd8sr\" data-brz-custom-id=\"mmlhocmkhxvlphydnyngpzzdlvppqyvgimls\">\n<div class=\"brz-column__items brz-css-vvorvi brz-css-jdw6ym\">\n<div id=\"\" class=\"brz-css-vi9pl8 brz-wrapper\">\n<div class=\"brz-rich-text brz-rich-text__custom brz-css-15fnn7x\" data-brz-custom-id=\"vfvnokfglfxdgvgxrknrakgjhhkzfimdxaqd\">\n<div data-brz-translate-text=\"1\">\n<p class=\"brz-tp-lg-paragraph brz-css-eFYff\" data-generated-css=\"brz-css-xcqfj\" data-uniq-id=\"nknal\"><span class=\"brz-cp-color8\" style=\"opacity: 0.6\">A continuaci\u00f3n realice el trabajo como si nada pasara ignorando la falta de se\u00f1al y cierre el trabajo, la validaci\u00f3n naturalmente no pasar\u00e1, no hay problema, Pulse \"Continuar\" &gt;&gt;&gt; EXCEPCI\u00d3N.<\/span><\/p>\n<\/div>\n<\/div>\n<\/div>\n<\/div>\n<\/div>\n<div class=\"brz-columns brz-css-1c1efrj\" data-brz-custom-id=\"lfbpgxdthacowcbsiftgswskrqmtmnuhebrb\">\n<div class=\"brz-bg\"><\/div>\n<div class=\"brz-column__items brz-css-vvorvi\">\n<div id=\"\" class=\"brz-css-vi9pl8 brz-wrapper\">\n<div class=\"brz-image brz-css-ezilnx\" data-brz-custom-id=\"llxgyfdnagcbdudlesclwfqivqcrzaxftxlq\"><img decoding=\"async\" class=\"brz-img\" src=\"https:\/\/Zubreev.tech\/wp-content\/uploads\/brizy\/imgs\/tap_report2-312x266x0x0x312x266x1682962216.jpg\" alt=\"\" loading=\"lazy\"><\/div>\n<\/div>\n<\/div>\n<\/div>\n<\/div>\n<\/div>\n<div class=\"brz-row__container brz-css-1jdyg2o\" data-brz-custom-id=\"lrctoaukcrolhtblpdwymjlhegtjqymyltue\">\n<div class=\"brz-bg\"><\/div>\n<div class=\"brz-row brz-css-lhqus2 brz-css-vp9h0g\">\n<div class=\"brz-columns brz-css-1c1efrj\" data-brz-custom-id=\"ffnntkyjcqveucfxgyituuzuhccatialcijl\">\n<div class=\"brz-bg\"><\/div>\n<div class=\"brz-column__items brz-css-vvorvi\">\n<div id=\"\" class=\"brz-css-vi9pl8 brz-wrapper\">\n<div class=\"brz-image brz-css-n8esy8\" data-brz-custom-id=\"eutxsscscdhtwehxodpkshnavxuiproihfph\"><img decoding=\"async\" class=\"brz-img\" src=\"https:\/\/Zubreev.tech\/wp-content\/uploads\/brizy\/imgs\/tap_report3-312x318x0x0x312x318x1682962216.jpg\" alt=\"\" loading=\"lazy\"><\/div>\n<\/div>\n<\/div>\n<\/div>\n<div class=\"brz-columns brz-css-1c1efrj brz-css-1mylqjx\" data-brz-custom-id=\"ygkceitgxvzyclxhdkbxgkdbfzefgzuncuts\">\n<div class=\"brz-column__items brz-css-vvorvi brz-css-r67jze\">\n<div id=\"\" class=\"brz-css-vi9pl8 brz-wrapper\">\n<div class=\"brz-rich-text brz-rich-text__custom brz-css-15fnn7x\" data-brz-custom-id=\"txyplqaxrbxzgzwbokddmvwmmdazvuenafmg\">\n<div data-brz-translate-text=\"1\">\n<p class=\"brz-tp-lg-paragraph brz-css-b88lN\" data-generated-css=\"brz-css-upwis\" data-uniq-id=\"xfqps\"><span class=\"brz-cp-color8\" style=\"opacity: 0.6\">En esta ventana, seleccione \"<\/span><span style=\"opacity: 1\" class=\"brz-cp-color3\">Consulte Mantenimiento necesario<\/span><span style=\"opacity: 0.6\" class=\"brz-cp-color8\">\" o algo relacionado con Mantenimiento y haga clic en Aceptar.<\/span><\/p>\n<\/div>\n<\/div>\n<\/div>\n<\/div>\n<\/div>\n<\/div>\n<\/div>\n<div class=\"brz-row__container brz-css-1jdyg2o\" data-brz-custom-id=\"irsbftaxmvozczjwtihzgqnggagrrtpbjftf\">\n<div class=\"brz-bg\"><\/div>\n<div class=\"brz-row brz-css-lhqus2 brz-css-vp9h0g\">\n<div class=\"brz-columns brz-css-1c1efrj brz-css-uiuver\" data-brz-custom-id=\"pyutawzdhwmevqnnofiyzqpvaktffbevdsve\">\n<div class=\"brz-column__items brz-css-vvorvi brz-css-1oxra5b\">\n<div id=\"\" class=\"brz-css-vi9pl8 brz-wrapper\">\n<div class=\"brz-rich-text brz-rich-text__custom brz-css-15fnn7x\" data-brz-custom-id=\"tcbbudlvcrtfwcpanqvasuyqbzmybhepydsu\">\n<div data-brz-translate-text=\"1\">\n<p class=\"brz-tp-lg-paragraph brz-css-aCj7A\" data-generated-css=\"brz-css-eiqne\" data-uniq-id=\"rxgqi\"><span class=\"brz-cp-color8\" style=\"opacity: 0.6\">Si aparece el error \"<\/span><span style=\"opacity: 1\">Por favor, prueba Tap...<\/span><span style=\"opacity: 0.6\" class=\"brz-cp-color8\">\", significa que no ha cargado en el servidor las m\u00e9tricas de la prueba fallida con TAP. <\/span><\/p>\n<\/div>\n<\/div>\n<\/div>\n<\/div>\n<\/div>\n<div class=\"brz-columns brz-css-1c1efrj\" data-brz-custom-id=\"fkbjjraoawywceqokfkdqlzfxkihwvxubdxz\">\n<div class=\"brz-bg\"><\/div>\n<div class=\"brz-column__items brz-css-vvorvi\">\n<div id=\"\" class=\"brz-css-vi9pl8 brz-wrapper\">\n<div class=\"brz-image brz-css-v6w1fy\" data-brz-custom-id=\"nxoporrjheqmoygnssweievwrxtizodctqly\"><img decoding=\"async\" class=\"brz-img\" src=\"https:\/\/Zubreev.tech\/wp-content\/uploads\/brizy\/imgs\/tap_report1-312x242x0x0x312x242x1682962216.jpg\" alt=\"\" loading=\"lazy\"><\/div>\n<\/div>\n<\/div>\n<\/div>\n<\/div>\n<\/div>\n<div class=\"brz-row__container brz-css-1jdyg2o\" data-brz-custom-id=\"auegoqgrowiqrhqohklpbixgoqlhsivnjlvr\">\n<div class=\"brz-bg\"><\/div>\n<div class=\"brz-row brz-css-lhqus2 brz-css-vp9h0g\">\n<div class=\"brz-columns brz-css-1c1efrj brz-css-81dvjk\" data-brz-custom-id=\"xracxmqfnnghkojnimxwchllrkulbkxeazpi\">\n<div class=\"brz-column__items brz-css-vvorvi brz-css-bglfun\">\n<div id=\"\" class=\"brz-css-vi9pl8 brz-wrapper\">\n<div class=\"brz-rich-text brz-rich-text__custom brz-css-15fnn7x\" data-brz-custom-id=\"akiogkyerafkanuofirwogmqzzvxsavsqxvg\">\n<div data-brz-translate-text=\"1\">\n<p class=\"brz-tp-lg-paragraph brz-text-lg-center brz-css-opPSp\" data-generated-css=\"brz-css-ixgzl\" data-uniq-id=\"uoosu\"><span class=\"brz-cp-color8\" style=\"opacity: 0.6\">La aplicaci\u00f3n le autorizar\u00e1 ahora a cerrar el encargo. El pedido se cerrar\u00e1 con el c\u00f3digo \"<\/span><span style=\"opacity: 1\" class=\"brz-cp-color3\">Consulte Mantenimiento<\/span><span style=\"opacity: 0.6\" class=\"brz-cp-color8\">\"En un par de d\u00edas la se\u00f1al estar\u00e1 arreglada y el cliente sentir\u00e1 toda la potencia de la se\u00f1al de Spectrum. <\/span><\/p>\n<p class=\"brz-tp-lg-paragraph brz-text-lg-center brz-css-ySecq\" data-generated-css=\"brz-css-ixgzl\" data-uniq-id=\"uoosu\"><span style=\"opacity: 0.6\" class=\"brz-cp-color8\">El trabajo se pagar\u00e1 de forma est\u00e1ndar.<\/span><\/p>\n<\/div>\n<\/div>\n<\/div>\n<\/div>\n<\/div>\n<\/div>\n<\/div>\n<\/div>\n<\/div>\n<\/section>\n<\/div>\n<p>    <!-- version:1747797876 --><\/p>","protected":false},"excerpt":{"rendered":"<p>\u041f\u043b\u043e\u0445\u043e\u0439 \u0442\u0430\u043f \u0422\u0430\u043f \u0441\u0447\u0438\u0442\u0430\u0435\u0442\u0441\u044f \u043d\u0435\u043f\u0440\u0438\u0433\u043e\u0434\u043d\u044b\u043c \u0435\u0441\u043b\u0438 \u0437\u043d\u0430\u0447\u0435\u043d\u0438\u044f \u043f\u0440\u0435\u0432\u044b\u0448\u0430\u044e\u0442: 48 dB \u043f\u043e UpStream(\u0443) \u0438 7dB \u043f\u043e DownStream(\u0443). \u0412\u043e \u0432\u0441\u0435\u0445 \u043e\u0441\u0442\u0430\u043b\u044c\u043d\u044b\u0445 \u0441\u043b\u0443\u0447\u0430\u044f\u0445 \u0432\u0430\u043b\u0438\u0434\u0430\u0446\u0438\u044e \u043c\u043e\u0436\u043d\u043e \u043f\u0440\u043e\u0439\u0442\u0438 \u0441 \u043f\u043e\u043c\u043e\u0449\u044c\u044e \u0443\u0441\u0438\u043b\u0438\u0442\u0435\u043b\u044f \u0438\u043b\u0438 \u0441\u0432\u0430\u043f\u0430 \u0442\u0432 \u043a\u043e\u0440\u043e\u0431\u043e\u043a. (\u041d\u043e\u0432\u044b\u0435 \u0442\u0432 \u043a\u043e\u0440\u043e\u0431\u043a\u0438 \u043f\u0440\u043e\u0445\u043e\u0434\u044f\u0442 \u0432\u0430\u043b\u0438\u0434\u0430\u0446\u0438\u044e \u043f\u043e\u043a\u0430 \u0437\u0430\u043f\u0430\u043a\u043e\u0432\u0430\u043d\u044b) \u0414\u043b\u044f \u0440\u0435\u043f\u043e\u0440\u0442\u0430 \u0442\u0430\u043f\u0430 \u043d\u0443\u0436\u043d\u043e: \u0421\u0434\u0435\u043b\u0430\u0442\u044c \u043c\u0438\u043d\u0438\u043c\u0443\u043c 2 \u0444\u043e\u0442\u043e\u0433\u0440\u0430\u0444\u0438\u0438 \u0441 \u0434\u0432\u0443\u0445 \u0440\u0430\u0437\u043d\u044b\u0445 \u043f\u043e\u0440\u0442\u043e\u0432 \u0442\u0430\u043f\u0430 \u0434\u0435\u043c\u043e\u043d\u0441\u0442\u0440\u0438\u0440\u0443\u044e\u0449\u0438\u0435 \u0441\u0438\u0433\u043d\u0430\u043b \u043f\u043b\u044e\u0441 \u0444\u043e\u0442\u043e \u0441 [&hellip;]<\/p>","protected":false},"author":1,"featured_media":0,"parent":2058,"menu_order":0,"comment_status":"closed","ping_status":"closed","template":"brizy-blank-template.php","meta":{"footnotes":""},"class_list":["post-2302","page","type-page","status-publish","hentry"],"blocksy_meta":[],"_links":{"self":[{"href":"https:\/\/zubreev.tech\/es\/wp-json\/wp\/v2\/pages\/2302","targetHints":{"allow":["GET"]}}],"collection":[{"href":"https:\/\/zubreev.tech\/es\/wp-json\/wp\/v2\/pages"}],"about":[{"href":"https:\/\/zubreev.tech\/es\/wp-json\/wp\/v2\/types\/page"}],"author":[{"embeddable":true,"href":"https:\/\/zubreev.tech\/es\/wp-json\/wp\/v2\/users\/1"}],"replies":[{"embeddable":true,"href":"https:\/\/zubreev.tech\/es\/wp-json\/wp\/v2\/comments?post=2302"}],"version-history":[{"count":30,"href":"https:\/\/zubreev.tech\/es\/wp-json\/wp\/v2\/pages\/2302\/revisions"}],"predecessor-version":[{"id":15071,"href":"https:\/\/zubreev.tech\/es\/wp-json\/wp\/v2\/pages\/2302\/revisions\/15071"}],"up":[{"embeddable":true,"href":"https:\/\/zubreev.tech\/es\/wp-json\/wp\/v2\/pages\/2058"}],"wp:attachment":[{"href":"https:\/\/zubreev.tech\/es\/wp-json\/wp\/v2\/media?parent=2302"}],"curies":[{"name":"wp","href":"https:\/\/api.w.org\/{rel}","templated":true}]}}